{"id":81398,"date":"2021-03-30T00:00:00","date_gmt":"2021-03-29T23:00:00","guid":{"rendered":"https:\/\/theinvisiblecollection.com\/?post_type=product&#038;p=81398"},"modified":"2026-05-01T07:39:17","modified_gmt":"2026-05-01T07:39:17","slug":"emmanuel-levet-stenne-lampe-de-table-clarisse","status":"publish","type":"product","link":"https:\/\/theinvisiblecollection.com\/fr\/produit\/emmanuel-levet-stenne-lampe-de-table-clarisse\/","title":{"rendered":"Lampe de Table Clarisse"},"content":{"rendered":"<p style=\"text-align: justify;\"><span class=\"TextRun SCXW226101846 BCX8\" lang=\"FR-FR\" xml:lang=\"FR-FR\" data-contrast=\"auto\"><span class=\"NormalTextRun SCXW226101846 BCX8\">La lampe CLARISSE met en lumi\u00e8re le contraste du pl\u00e2tre et du laiton, du blanc pur et du dor\u00e9, du mat poudr\u00e9 et du brillant. Elle forme avec la lampe CAPUCINE deux objets de d\u00e9votion \u00e0 la lumi\u00e8re.<\/span><\/span><span class=\"EOP SCXW226101846 BCX8\" data-ccp-props=\"{}\">\u00a0<\/span><\/p>\n","protected":false},"excerpt":{"rendered":"<p>Lampe de table avec base en pl\u00e2tre<br \/>\nCloche en laiton poli<br \/>\nDimmable<br \/>\nVernis possible sur demande<\/p>\n<p>\u00d8 37 x H 54 cm<\/p>\n<p>Fabriqu\u00e9e \u00e0 la main en France<br \/>\nD\u00e9lai de fabrication : 8 semaines<\/p>\n<p><span style=\"text-decoration: underline;\"><a href=\"https:\/\/www.theinvisiblecollection.com\/fr\/demande-de-devis\/?product_id=81398\">Contactez-nous pour toute demande de devis ou de renseignements<\/a><\/span><\/p>\n","protected":false},"featured_media":2254579,"template":"","meta":{"_acf_changed":false,"content-type":"","_themeisle_gutenberg_block_has_review":false},"product_brand":[],"product_cat":[8974,12507],"product_tag":[9785,14899],"product_designer":[13211],"comfabric":[],"manufacturer":[27900],"reporting_designer":[37696],"samplecomfabric":[],"designer_clubroom":[],"class_list":{"0":"post-81398","1":"product","2":"type-product","3":"status-publish","4":"has-post-thumbnail","6":"product_cat-lampes-de-table","7":"product_cat-luminaires","8":"product_tag-platre","9":"product_tag-ymalexc-fr","10":"product_designer-emmanuel-levet-stenne-fr","11":"manufacturer-emmanuel-levet-stenne-atelier-bourron-marlotte-fr","12":"reporting_designer-emmanuel-levet-stenne","14":"first","15":"instock","16":"taxable","17":"shipping-taxable","18":"purchasable","19":"product-type-simple"},"acf":[],"_links":{"self":[{"href":"https:\/\/theinvisiblecollection.com\/fr\/wp-json\/wp\/v2\/product\/81398","targetHints":{"allow":["GET"]}}],"collection":[{"href":"https:\/\/theinvisiblecollection.com\/fr\/wp-json\/wp\/v2\/product"}],"about":[{"href":"https:\/\/theinvisiblecollection.com\/fr\/wp-json\/wp\/v2\/types\/product"}],"wp:featuredmedia":[{"embeddable":true,"href":"https:\/\/theinvisiblecollection.com\/fr\/wp-json\/wp\/v2\/media\/2254579"}],"wp:attachment":[{"href":"https:\/\/theinvisiblecollection.com\/fr\/wp-json\/wp\/v2\/media?parent=81398"}],"wp:term":[{"taxonomy":"product_brand","embeddable":true,"href":"https:\/\/theinvisiblecollection.com\/fr\/wp-json\/wp\/v2\/product_brand?post=81398"},{"taxonomy":"product_cat","embeddable":true,"href":"https:\/\/theinvisiblecollection.com\/fr\/wp-json\/wp\/v2\/product_cat?post=81398"},{"taxonomy":"product_tag","embeddable":true,"href":"https:\/\/theinvisiblecollection.com\/fr\/wp-json\/wp\/v2\/product_tag?post=81398"},{"taxonomy":"product_designer","embeddable":true,"href":"https:\/\/theinvisiblecollection.com\/fr\/wp-json\/wp\/v2\/product_designer?post=81398"},{"taxonomy":"comfabric","embeddable":true,"href":"https:\/\/theinvisiblecollection.com\/fr\/wp-json\/wp\/v2\/comfabric?post=81398"},{"taxonomy":"manufacturer","embeddable":true,"href":"https:\/\/theinvisiblecollection.com\/fr\/wp-json\/wp\/v2\/manufacturer?post=81398"},{"taxonomy":"reporting_designer","embeddable":true,"href":"https:\/\/theinvisiblecollection.com\/fr\/wp-json\/wp\/v2\/reporting_designer?post=81398"},{"taxonomy":"samplecomfabric","embeddable":true,"href":"https:\/\/theinvisiblecollection.com\/fr\/wp-json\/wp\/v2\/samplecomfabric?post=81398"},{"taxonomy":"clubroom_product_designer","embeddable":true,"href":"https:\/\/theinvisiblecollection.com\/fr\/wp-json\/wp\/v2\/designer_clubroom?post=81398"}],"curies":[{"name":"wp","href":"https:\/\/api.w.org\/{rel}","templated":true}]}}