{"id":814796,"date":"2022-10-10T16:11:16","date_gmt":"2022-10-10T15:11:16","guid":{"rendered":"https:\/\/theinvisiblecollection.com\/?post_type=product&#038;p=814796"},"modified":"2026-05-01T07:38:36","modified_gmt":"2026-05-01T07:38:36","slug":"vandrarugs-tapis-pom-pom-large","status":"publish","type":"product","link":"https:\/\/theinvisiblecollection.com\/fr\/produit\/vandrarugs-tapis-pom-pom-large\/","title":{"rendered":"Tapis Pom Pom Large"},"content":{"rendered":"<p style=\"text-align: justify;\"><span class=\"TextRun SCXW178496111 BCX0\" lang=\"FR-FR\" xml:lang=\"FR-FR\" data-contrast=\"auto\"><span class=\"NormalTextRun SCXW178496111 BCX0\">Le tapis <\/span><span class=\"NormalTextRun SpellingErrorV2Themed SCXW178496111 BCX0\">Pom<\/span> <span class=\"NormalTextRun SpellingErrorV2Themed SCXW178496111 BCX0\">Pom<\/span><span class=\"NormalTextRun SCXW178496111 BCX0\"> de <\/span><span class=\"NormalTextRun SpellingErrorV2Themed SCXW178496111 BCX0\">Vandra<\/span> <span class=\"NormalTextRun SpellingErrorV2Themed SCXW178496111 BCX0\">Rugs<\/span><span class=\"NormalTextRun SCXW178496111 BCX0\"> est un clin d&#8217;\u0153il aux ann\u00e9es soixante, disponible en cinq teintes avec des points tuft\u00e9s au c\u0153ur du motif. &#8220;C&#8217;est un personnage du livre Miss <\/span><span class=\"NormalTextRun SpellingErrorV2Themed SCXW178496111 BCX0\">Smilla&#8217;s<\/span><span class=\"NormalTextRun SCXW178496111 BCX0\"> Feeling for Snow qui m&#8217;a souffl\u00e9 le nom de cette collection alors que je d\u00e9veloppais la combinaison de couleurs blanches&#8221;, explique Eva Schildt. Enti\u00e8rement r\u00e9alis\u00e9 \u00e0 la main, la base est tiss\u00e9e et les points tuft\u00e9s.<\/span><span class=\"NormalTextRun SCXW178496111 BCX0\">\u00a0\u00a0 <\/span><\/span><span class=\"EOP SCXW178496111 BCX0\" data-ccp-props=\"{&quot;201341983&quot;:0,&quot;335559740&quot;:259}\">\u00a0<\/span><\/p>\n","protected":false},"excerpt":{"rendered":"<p>Vandra Rugs x Eva Schildt<br \/>\nTapis tiss\u00e9 et tuft\u00e9 \u00e0 la main en fil de laine\u00a0sur cha\u00eene de lin naturel<br \/>\nRev\u00eatement antid\u00e9rapant inclus<br \/>\nDimensions et couleurs sur-mesure sur demande<\/p>\n<p>145 x 300 cm<\/p>\n<p>Fabriqu\u00e9 \u00e0 la main en Europe<br \/>\nD\u00e9lais de fabrication : 14 semaines<\/p>\n<p><span style=\"text-decoration: underline;\"><a href=\"https:\/\/www.theinvisiblecollection.com\/fr\/demande-de-devis\/?product_id=814796\">Contactez-nous pour toute demande de devis ou d&#8217;\u00e9chantillons<\/a><\/span><\/p>\n","protected":false},"featured_media":964775,"template":"","meta":{"_acf_changed":false,"content-type":"","_themeisle_gutenberg_block_has_review":false},"product_brand":[],"product_cat":[12540,12541,17999],"product_tag":[7435,22790],"product_designer":[19108],"comfabric":[],"manufacturer":[19110],"reporting_designer":[37330],"samplecomfabric":[],"designer_clubroom":[],"class_list":{"0":"post-814796","1":"product","2":"type-product","3":"status-publish","4":"has-post-thumbnail","6":"product_cat-tapis-fr","7":"product_cat-tufte-a-la-main","8":"product_cat-tisses-a-la-main","9":"product_tag-new-in-fr","10":"product_tag-disponible-immediatement","11":"pa_size-dimensions-standards","12":"pa_size-dimensions-sur-mesure-fr","13":"product_designer-vandra-rugs-fr","14":"manufacturer-sinclair-till-warehouse-fr","15":"reporting_designer-vandra-rugs","16":"exhibitions-londres-fr","18":"first","19":"instock","20":"taxable","21":"shipping-taxable","22":"purchasable","23":"product-type-variable"},"acf":[],"_links":{"self":[{"href":"https:\/\/theinvisiblecollection.com\/fr\/wp-json\/wp\/v2\/product\/814796","targetHints":{"allow":["GET"]}}],"collection":[{"href":"https:\/\/theinvisiblecollection.com\/fr\/wp-json\/wp\/v2\/product"}],"about":[{"href":"https:\/\/theinvisiblecollection.com\/fr\/wp-json\/wp\/v2\/types\/product"}],"wp:featuredmedia":[{"embeddable":true,"href":"https:\/\/theinvisiblecollection.com\/fr\/wp-json\/wp\/v2\/media\/964775"}],"wp:attachment":[{"href":"https:\/\/theinvisiblecollection.com\/fr\/wp-json\/wp\/v2\/media?parent=814796"}],"wp:term":[{"taxonomy":"product_brand","embeddable":true,"href":"https:\/\/theinvisiblecollection.com\/fr\/wp-json\/wp\/v2\/product_brand?post=814796"},{"taxonomy":"product_cat","embeddable":true,"href":"https:\/\/theinvisiblecollection.com\/fr\/wp-json\/wp\/v2\/product_cat?post=814796"},{"taxonomy":"product_tag","embeddable":true,"href":"https:\/\/theinvisiblecollection.com\/fr\/wp-json\/wp\/v2\/product_tag?post=814796"},{"taxonomy":"product_designer","embeddable":true,"href":"https:\/\/theinvisiblecollection.com\/fr\/wp-json\/wp\/v2\/product_designer?post=814796"},{"taxonomy":"comfabric","embeddable":true,"href":"https:\/\/theinvisiblecollection.com\/fr\/wp-json\/wp\/v2\/comfabric?post=814796"},{"taxonomy":"manufacturer","embeddable":true,"href":"https:\/\/theinvisiblecollection.com\/fr\/wp-json\/wp\/v2\/manufacturer?post=814796"},{"taxonomy":"reporting_designer","embeddable":true,"href":"https:\/\/theinvisiblecollection.com\/fr\/wp-json\/wp\/v2\/reporting_designer?post=814796"},{"taxonomy":"samplecomfabric","embeddable":true,"href":"https:\/\/theinvisiblecollection.com\/fr\/wp-json\/wp\/v2\/samplecomfabric?post=814796"},{"taxonomy":"clubroom_product_designer","embeddable":true,"href":"https:\/\/theinvisiblecollection.com\/fr\/wp-json\/wp\/v2\/designer_clubroom?post=814796"}],"curies":[{"name":"wp","href":"https:\/\/api.w.org\/{rel}","templated":true}]}}