{"id":81537,"date":"2019-06-07T17:30:09","date_gmt":"2019-06-07T16:30:09","guid":{"rendered":"https:\/\/theinvisiblecollection.com\/?post_type=product&#038;p=81537"},"modified":"2026-05-01T07:39:17","modified_gmt":"2026-05-01T07:39:17","slug":"plateau-carlo-2","status":"publish","type":"product","link":"https:\/\/theinvisiblecollection.com\/fr\/produit\/plateau-carlo-2\/","title":{"rendered":"Plateau Carlo I I"},"content":{"rendered":"<p>Design par Matteo Cibic<\/p>\n","protected":false},"excerpt":{"rendered":"<p>Petit plateau<br \/>\nMarbre Bianco Michelangelo, marbre Nero Marquinia et marbre Rosso Levanto avec finitions polies<br \/>\nPoign\u00e9es ornementales, non fonctionnelles<\/p>\n<p>20,7 x 15 x 2 cm<br \/>\nPoids : 0,6 kg<\/p>\n<p>R\u00e9alis\u00e9 \u00e0 la main en Italie<br \/>\nD\u00e9lais de production : 6 semaines<\/p>\n<p class=\"p1\"><span class=\"s1\"><a href=\"https:\/\/www.theinvisiblecollection.com\/fr\/demande-de-devis\/?product_id=36797\">Contactez-nous pour toute demande de devis ou de renseignements<\/a><\/span><\/p><\/p>\n","protected":false},"featured_media":81561,"template":"","meta":{"_acf_changed":false,"content-type":"","_themeisle_gutenberg_block_has_review":false},"product_brand":[],"product_cat":[7517,12531,12536,12537,16319],"product_tag":[9000,9030,9525,10404,10871,10917,31474],"product_designer":[8892],"comfabric":[],"manufacturer":[16732],"reporting_designer":[37664],"samplecomfabric":[],"designer_clubroom":[],"class_list":{"0":"post-81537","1":"product","2":"type-product","3":"status-publish","4":"has-post-thumbnail","6":"product_cat-deco-fr","7":"product_cat-objets-de-decoration","8":"product_cat-plateaux-vide-poche","9":"product_cat-vases","10":"product_cat-cartes-cadeaux","11":"product_tag-plateau-fr-2","12":"product_tag-marbre-fr-2","13":"product_tag-plat-de-presentation","14":"product_tag-matteo-cibic-fr-2","15":"product_tag-nero-marquinia-fr-fr","16":"product_tag-bianco-michelangelo-fr","17":"product_tag-co-white-fr","18":"product_shipping_class-mmairo-1-2-fr","19":"product_designer-mmairo-fr","20":"manufacturer-mmairo-fr","21":"reporting_designer-mmairo","23":"first","24":"instock","25":"taxable","26":"shipping-taxable","27":"purchasable","28":"product-type-simple"},"acf":[],"_links":{"self":[{"href":"https:\/\/theinvisiblecollection.com\/fr\/wp-json\/wp\/v2\/product\/81537","targetHints":{"allow":["GET"]}}],"collection":[{"href":"https:\/\/theinvisiblecollection.com\/fr\/wp-json\/wp\/v2\/product"}],"about":[{"href":"https:\/\/theinvisiblecollection.com\/fr\/wp-json\/wp\/v2\/types\/product"}],"wp:featuredmedia":[{"embeddable":true,"href":"https:\/\/theinvisiblecollection.com\/fr\/wp-json\/wp\/v2\/media\/81561"}],"wp:attachment":[{"href":"https:\/\/theinvisiblecollection.com\/fr\/wp-json\/wp\/v2\/media?parent=81537"}],"wp:term":[{"taxonomy":"product_brand","embeddable":true,"href":"https:\/\/theinvisiblecollection.com\/fr\/wp-json\/wp\/v2\/product_brand?post=81537"},{"taxonomy":"product_cat","embeddable":true,"href":"https:\/\/theinvisiblecollection.com\/fr\/wp-json\/wp\/v2\/product_cat?post=81537"},{"taxonomy":"product_tag","embeddable":true,"href":"https:\/\/theinvisiblecollection.com\/fr\/wp-json\/wp\/v2\/product_tag?post=81537"},{"taxonomy":"product_designer","embeddable":true,"href":"https:\/\/theinvisiblecollection.com\/fr\/wp-json\/wp\/v2\/product_designer?post=81537"},{"taxonomy":"comfabric","embeddable":true,"href":"https:\/\/theinvisiblecollection.com\/fr\/wp-json\/wp\/v2\/comfabric?post=81537"},{"taxonomy":"manufacturer","embeddable":true,"href":"https:\/\/theinvisiblecollection.com\/fr\/wp-json\/wp\/v2\/manufacturer?post=81537"},{"taxonomy":"reporting_designer","embeddable":true,"href":"https:\/\/theinvisiblecollection.com\/fr\/wp-json\/wp\/v2\/reporting_designer?post=81537"},{"taxonomy":"samplecomfabric","embeddable":true,"href":"https:\/\/theinvisiblecollection.com\/fr\/wp-json\/wp\/v2\/samplecomfabric?post=81537"},{"taxonomy":"clubroom_product_designer","embeddable":true,"href":"https:\/\/theinvisiblecollection.com\/fr\/wp-json\/wp\/v2\/designer_clubroom?post=81537"}],"curies":[{"name":"wp","href":"https:\/\/api.w.org\/{rel}","templated":true}]}}