{"id":81825,"date":"2021-05-11T11:41:38","date_gmt":"2021-05-11T10:41:38","guid":{"rendered":"https:\/\/theinvisiblecollection.com\/?post_type=product&#038;p=81825"},"modified":"2026-05-01T07:39:17","modified_gmt":"2026-05-01T07:39:17","slug":"la-chance-miroir-iconic-noir","status":"publish","type":"product","link":"https:\/\/theinvisiblecollection.com\/fr\/produit\/la-chance-miroir-iconic-noir\/","title":{"rendered":"Miroir Iconic Noir"},"content":{"rendered":"<p style=\"text-align: justify;\">Iconic est un miroir sur pied, qui tr\u00f4ne comme une statue. L\u2019imposante base en marbre noir contraste avec la finesse de la structure en m\u00e9tal du miroir. Un cylindre en m\u00e9tal relie les deux parties et donne l\u2019impression que le miroir flotte. Ce psych\u00e9 surdimensionn\u00e9 impose sa pr\u00e9sence architecturale.<\/p>\n","protected":false},"excerpt":{"rendered":"<p>Dessin\u00e9 par Dan Yeffet &amp; Lucie Koldova<br \/>\nMiroir avec base en marbre noir Marquina et cadre en acier peint noir mat<br \/>\n\u00c9galement disponible en <a href=\"https:\/\/theinvisiblecollection.com\/fr\/produit\/la-chance-miroir-iconic-blanc\/\" target=\"_blank\" rel=\"noopener\"><span style=\"text-decoration: underline;\">marbre blanc Pele de Tigre avec cadre en m\u00e9tal blanc<\/span><\/a><\/p>\n<p>L 75 x l 38 x H 185 cm<\/p>\n<p>Fabriqu\u00e9 \u00e0 la main en Europe<br \/>\nD\u00e9lais de fabrication : 6 &#8211; 8 semaines<\/p>\n<p><span style=\"text-decoration: underline;\"><a href=\"https:\/\/www.theinvisiblecollection.com\/fr\/demande-de-devis\/?product_id=81825\" target=\"_blank\" rel=\"noopener\">Contactez-nous pour toute demande de devis ou de renseignements<\/a><\/span><\/p>\n<p>&nbsp;<\/p>\n","protected":false},"featured_media":84439,"template":"","meta":{"_acf_changed":false,"content-type":"","_themeisle_gutenberg_block_has_review":false},"product_brand":[],"product_cat":[7517,8225],"product_tag":[8993,9016,9030,9089],"product_designer":[13254],"comfabric":[],"manufacturer":[21949],"reporting_designer":[37468],"samplecomfabric":[],"designer_clubroom":[],"class_list":{"0":"post-81825","1":"product","2":"type-product","3":"status-publish","4":"has-post-thumbnail","6":"product_cat-deco-fr","7":"product_cat-miroirs-fr","8":"product_tag-salon","9":"product_tag-chambre-fr-2","10":"product_tag-marbre-fr-2","11":"product_tag-miroir-fr-3","12":"pa_base-marbre-noir-marquina","13":"pa_base-marbre-pele-de-tigre-blanc","14":"product_designer-la-chance-fr","15":"manufacturer-shipea-chez-sylvania-fr","16":"reporting_designer-la-chance","18":"first","19":"instock","20":"taxable","21":"shipping-taxable","22":"purchasable","23":"product-type-variable"},"acf":[],"_links":{"self":[{"href":"https:\/\/theinvisiblecollection.com\/fr\/wp-json\/wp\/v2\/product\/81825","targetHints":{"allow":["GET"]}}],"collection":[{"href":"https:\/\/theinvisiblecollection.com\/fr\/wp-json\/wp\/v2\/product"}],"about":[{"href":"https:\/\/theinvisiblecollection.com\/fr\/wp-json\/wp\/v2\/types\/product"}],"wp:featuredmedia":[{"embeddable":true,"href":"https:\/\/theinvisiblecollection.com\/fr\/wp-json\/wp\/v2\/media\/84439"}],"wp:attachment":[{"href":"https:\/\/theinvisiblecollection.com\/fr\/wp-json\/wp\/v2\/media?parent=81825"}],"wp:term":[{"taxonomy":"product_brand","embeddable":true,"href":"https:\/\/theinvisiblecollection.com\/fr\/wp-json\/wp\/v2\/product_brand?post=81825"},{"taxonomy":"product_cat","embeddable":true,"href":"https:\/\/theinvisiblecollection.com\/fr\/wp-json\/wp\/v2\/product_cat?post=81825"},{"taxonomy":"product_tag","embeddable":true,"href":"https:\/\/theinvisiblecollection.com\/fr\/wp-json\/wp\/v2\/product_tag?post=81825"},{"taxonomy":"product_designer","embeddable":true,"href":"https:\/\/theinvisiblecollection.com\/fr\/wp-json\/wp\/v2\/product_designer?post=81825"},{"taxonomy":"comfabric","embeddable":true,"href":"https:\/\/theinvisiblecollection.com\/fr\/wp-json\/wp\/v2\/comfabric?post=81825"},{"taxonomy":"manufacturer","embeddable":true,"href":"https:\/\/theinvisiblecollection.com\/fr\/wp-json\/wp\/v2\/manufacturer?post=81825"},{"taxonomy":"reporting_designer","embeddable":true,"href":"https:\/\/theinvisiblecollection.com\/fr\/wp-json\/wp\/v2\/reporting_designer?post=81825"},{"taxonomy":"samplecomfabric","embeddable":true,"href":"https:\/\/theinvisiblecollection.com\/fr\/wp-json\/wp\/v2\/samplecomfabric?post=81825"},{"taxonomy":"clubroom_product_designer","embeddable":true,"href":"https:\/\/theinvisiblecollection.com\/fr\/wp-json\/wp\/v2\/designer_clubroom?post=81825"}],"curies":[{"name":"wp","href":"https:\/\/api.w.org\/{rel}","templated":true}]}}