{"id":81848,"date":"2024-05-27T10:51:33","date_gmt":"2024-05-27T10:51:33","guid":{"rendered":"https:\/\/theinvisiblecollection.com\/?post_type=product&#038;p=81848"},"modified":"2026-05-01T07:39:17","modified_gmt":"2026-05-01T07:39:17","slug":"la-chance-table-borghese","status":"publish","type":"product","link":"https:\/\/theinvisiblecollection.com\/fr\/produit\/la-chance-table-borghese\/","title":{"rendered":"Table Borghese Bois"},"content":{"rendered":"<p style=\"text-align: justify;\">La table Borghese, du m\u00eame nom que le canap\u00e9, est elle aussi inspir\u00e9e par la structure des pins parasols des jardins de la Villa Borghese \u00e0 Rome. Le r\u00e9seau caract\u00e9ristique des branches est retranscrit en une structure graphique en m\u00e9tal textur\u00e9 noir sur laquelle reposent les trois plateaux en bois massif. Lorsque l\u2019on combine plusieurs tables, l&#8217;entrelacs des pieds brouille la limite entre les tables pour cr\u00e9er une seule grande composition.<\/p>\n","protected":false},"excerpt":{"rendered":"<p>Dessin\u00e9e par No\u00e9 Duchaufour Lawrance<br \/>\nTable avec plateau en ch\u00eane noir et pied textur\u00e9 noir<\/p>\n<p>L 139 x l 64 x H 35 cm<\/p>\n<p>Fabriqu\u00e9e \u00e0 la main en Europe<\/p>\n<p><span style=\"text-decoration: underline;\"><a href=\"https:\/\/www.theinvisiblecollection.com\/fr\/demande-de-devis\/?product_id=81848\">Contactez-nous pour toute demande de devis ou de renseignements<\/a><\/span><\/p>\n<p>&nbsp;<\/p>\n","protected":false},"featured_media":81903,"template":"","meta":{"_acf_changed":false,"content-type":"","_themeisle_gutenberg_block_has_review":false},"product_brand":[],"product_cat":[7509,12503],"product_tag":[14925,14926],"product_designer":[13254],"comfabric":[],"manufacturer":[21949],"reporting_designer":[37468],"samplecomfabric":[],"designer_clubroom":[],"class_list":{"0":"post-81848","1":"product","2":"type-product","3":"status-publish","4":"has-post-thumbnail","6":"product_cat-tables-basses-dappoint","7":"product_cat-tables-fr","8":"product_tag-hpfav-fr","9":"product_tag-hplstfav-fr","10":"pa_base-black-patinated-brass","11":"pa_base-polished-brass","12":"pa_wood-naturel","13":"pa_wood-noir","14":"product_designer-la-chance-fr","15":"manufacturer-shipea-chez-sylvania-fr","16":"reporting_designer-la-chance","18":"first","19":"instock","20":"taxable","21":"shipping-taxable","22":"purchasable","23":"product-type-variable"},"acf":[],"_links":{"self":[{"href":"https:\/\/theinvisiblecollection.com\/fr\/wp-json\/wp\/v2\/product\/81848","targetHints":{"allow":["GET"]}}],"collection":[{"href":"https:\/\/theinvisiblecollection.com\/fr\/wp-json\/wp\/v2\/product"}],"about":[{"href":"https:\/\/theinvisiblecollection.com\/fr\/wp-json\/wp\/v2\/types\/product"}],"wp:featuredmedia":[{"embeddable":true,"href":"https:\/\/theinvisiblecollection.com\/fr\/wp-json\/wp\/v2\/media\/81903"}],"wp:attachment":[{"href":"https:\/\/theinvisiblecollection.com\/fr\/wp-json\/wp\/v2\/media?parent=81848"}],"wp:term":[{"taxonomy":"product_brand","embeddable":true,"href":"https:\/\/theinvisiblecollection.com\/fr\/wp-json\/wp\/v2\/product_brand?post=81848"},{"taxonomy":"product_cat","embeddable":true,"href":"https:\/\/theinvisiblecollection.com\/fr\/wp-json\/wp\/v2\/product_cat?post=81848"},{"taxonomy":"product_tag","embeddable":true,"href":"https:\/\/theinvisiblecollection.com\/fr\/wp-json\/wp\/v2\/product_tag?post=81848"},{"taxonomy":"product_designer","embeddable":true,"href":"https:\/\/theinvisiblecollection.com\/fr\/wp-json\/wp\/v2\/product_designer?post=81848"},{"taxonomy":"comfabric","embeddable":true,"href":"https:\/\/theinvisiblecollection.com\/fr\/wp-json\/wp\/v2\/comfabric?post=81848"},{"taxonomy":"manufacturer","embeddable":true,"href":"https:\/\/theinvisiblecollection.com\/fr\/wp-json\/wp\/v2\/manufacturer?post=81848"},{"taxonomy":"reporting_designer","embeddable":true,"href":"https:\/\/theinvisiblecollection.com\/fr\/wp-json\/wp\/v2\/reporting_designer?post=81848"},{"taxonomy":"samplecomfabric","embeddable":true,"href":"https:\/\/theinvisiblecollection.com\/fr\/wp-json\/wp\/v2\/samplecomfabric?post=81848"},{"taxonomy":"clubroom_product_designer","embeddable":true,"href":"https:\/\/theinvisiblecollection.com\/fr\/wp-json\/wp\/v2\/designer_clubroom?post=81848"}],"curies":[{"name":"wp","href":"https:\/\/api.w.org\/{rel}","templated":true}]}}