{"id":81851,"date":"2021-05-11T12:28:05","date_gmt":"2021-05-11T11:28:05","guid":{"rendered":"https:\/\/theinvisiblecollection.com\/?post_type=product&#038;p=81851"},"modified":"2026-05-08T04:40:29","modified_gmt":"2026-05-08T04:40:29","slug":"la-chance-canape-borghese","status":"publish","type":"product","link":"https:\/\/theinvisiblecollection.com\/fr\/produit\/la-chance-canape-borghese\/","title":{"rendered":"Canap\u00e9 Borghese Trois Places"},"content":{"rendered":"<p style=\"text-align: justify;\">Le canap\u00e9 Borghese est une pi\u00e8ce sculpturale directement inspir\u00e9e et nomm\u00e9e d\u2019apr\u00e8s les pins parasols des jardins de la Villa Borghese \u00e0 Rome. Les ramifications caract\u00e9ristiques des branches sont retranscrites gr\u00e2ce \u00e0 une structure graphique qui lie l\u2019assise aux trois coussins du dossier. Le vocabulaire organique d\u00e9velopp\u00e9 par le designer s\u2019exprime dans cette pi\u00e8ce r\u00e9solument moderne et audacieuse. La structure en acier est d\u00e9coup\u00e9e au laser et est ensuite assembl\u00e9e et soud\u00e9e \u00e0 la main par un artisan qui recr\u00e9e le r\u00e9seau des branches d\u2019un arbre avant d\u2019y fixer les coussins tapiss\u00e9s de tissus boucl\u00e9 Bridget Meringue de Pierre Frey pour cr\u00e9er un d\u00e9licat paysage.<\/p>\n","protected":false},"excerpt":{"rendered":"<p>Dessin\u00e9 par No\u00e9 Duchaufour Lawrance<br \/>\nCanap\u00e9 recouvert de tissu boucl\u00e9 Bridget Meringue de Pierre Frey<br \/>\nPi\u00e8tement en acier laqu\u00e9 noir grain\u00e9 mat<\/p>\n<p>&nbsp;<\/p>\n<p>L 248 x l 89 x H 85 cm<br \/>\nHauteur d&#8217;assise : 39 cm<br \/>\nTissu requis : 5.2 m<\/p>\n<p>Fabriqu\u00e9 \u00e0 la main en Italie<br \/>\nD\u00e9lai de fabrication : 8 &#8211; 10 semaines<\/p>\n<p><span style=\"text-decoration: underline;\"><a href=\"https:\/\/www.theinvisiblecollection.com\/fr\/demande-de-devis\/?product_id=81851\">Contactez-nous pour toute demande de devis ou de renseignements<\/a><\/span><\/p>\n<p>&nbsp;<\/p>\n","protected":false},"featured_media":84178,"template":"","meta":{"_acf_changed":false,"content-type":"","_themeisle_gutenberg_block_has_review":false},"product_brand":[],"product_cat":[8976,12499],"product_tag":[9437,31474,31477],"product_designer":[13254],"comfabric":[29542],"manufacturer":[21949],"reporting_designer":[37468],"samplecomfabric":[30568],"designer_clubroom":[],"class_list":{"0":"post-81851","1":"product","2":"type-product","3":"status-publish","4":"has-post-thumbnail","6":"product_cat-canapes","7":"product_cat-assises","8":"product_tag-canape-fr-2","9":"product_tag-co-white-fr","10":"product_tag-st-curvy-fr","11":"pa_fabric-en-blanc-sans-tissu-fr","12":"pa_fabric-tissu-bouclette-pierre-frey","13":"product_designer-la-chance-fr","14":"comfabric-la-chance-fr","15":"manufacturer-shipea-chez-sylvania-fr","16":"reporting_designer-la-chance","17":"samplecomfabric-la-chance-fr","19":"first","20":"instock","21":"taxable","22":"shipping-taxable","23":"purchasable","24":"product-type-variable"},"acf":[],"_links":{"self":[{"href":"https:\/\/theinvisiblecollection.com\/fr\/wp-json\/wp\/v2\/product\/81851","targetHints":{"allow":["GET"]}}],"collection":[{"href":"https:\/\/theinvisiblecollection.com\/fr\/wp-json\/wp\/v2\/product"}],"about":[{"href":"https:\/\/theinvisiblecollection.com\/fr\/wp-json\/wp\/v2\/types\/product"}],"wp:featuredmedia":[{"embeddable":true,"href":"https:\/\/theinvisiblecollection.com\/fr\/wp-json\/wp\/v2\/media\/84178"}],"wp:attachment":[{"href":"https:\/\/theinvisiblecollection.com\/fr\/wp-json\/wp\/v2\/media?parent=81851"}],"wp:term":[{"taxonomy":"product_brand","embeddable":true,"href":"https:\/\/theinvisiblecollection.com\/fr\/wp-json\/wp\/v2\/product_brand?post=81851"},{"taxonomy":"product_cat","embeddable":true,"href":"https:\/\/theinvisiblecollection.com\/fr\/wp-json\/wp\/v2\/product_cat?post=81851"},{"taxonomy":"product_tag","embeddable":true,"href":"https:\/\/theinvisiblecollection.com\/fr\/wp-json\/wp\/v2\/product_tag?post=81851"},{"taxonomy":"product_designer","embeddable":true,"href":"https:\/\/theinvisiblecollection.com\/fr\/wp-json\/wp\/v2\/product_designer?post=81851"},{"taxonomy":"comfabric","embeddable":true,"href":"https:\/\/theinvisiblecollection.com\/fr\/wp-json\/wp\/v2\/comfabric?post=81851"},{"taxonomy":"manufacturer","embeddable":true,"href":"https:\/\/theinvisiblecollection.com\/fr\/wp-json\/wp\/v2\/manufacturer?post=81851"},{"taxonomy":"reporting_designer","embeddable":true,"href":"https:\/\/theinvisiblecollection.com\/fr\/wp-json\/wp\/v2\/reporting_designer?post=81851"},{"taxonomy":"samplecomfabric","embeddable":true,"href":"https:\/\/theinvisiblecollection.com\/fr\/wp-json\/wp\/v2\/samplecomfabric?post=81851"},{"taxonomy":"clubroom_product_designer","embeddable":true,"href":"https:\/\/theinvisiblecollection.com\/fr\/wp-json\/wp\/v2\/designer_clubroom?post=81851"}],"curies":[{"name":"wp","href":"https:\/\/api.w.org\/{rel}","templated":true}]}}