{"id":81853,"date":"2021-05-15T12:38:25","date_gmt":"2021-05-15T11:38:25","guid":{"rendered":"https:\/\/theinvisiblecollection.com\/?post_type=product&#038;p=81853"},"modified":"2026-05-01T07:39:17","modified_gmt":"2026-05-01T07:39:17","slug":"la-chance-canape-borghese-deux-places","status":"publish","type":"product","link":"https:\/\/theinvisiblecollection.com\/fr\/produit\/la-chance-canape-borghese-deux-places\/","title":{"rendered":"Canap\u00e9 Borghese Deux Places"},"content":{"rendered":"","protected":false},"excerpt":{"rendered":"<p>Dessin\u00e9 par No\u00e9 Duchaufour Lawrance<br \/>\nCanap\u00e9 recouvert de laine Yack naturel de Leli\u00e8vre<br \/>\nPi\u00e8tement en acier laqu\u00e9 noir grain\u00e9 mat<\/p>\n<p>L 188 x l 83 x H 85 cm<br \/>\nHauteur d&#8217;assise : 39 cm<br \/>\nTissu requis: : 3.7 m<\/p>\n<p>Fabriqu\u00e9 \u00e0 la main en Italie<br \/>\nD\u00e9lai de fabrication : 8 &#8211; 10 semaines<\/p>\n<p><span style=\"text-decoration: underline;\"><a href=\"https:\/\/www.theinvisiblecollection.com\/fr\/demande-de-devis\/?product_id=81853\">Contactez-nous pour toute demande de devis ou de renseignements<\/a><\/span><\/p>\n<p>&nbsp;<\/p>\n","protected":false},"featured_media":84303,"template":"","meta":{"_acf_changed":false,"content-type":"","_themeisle_gutenberg_block_has_review":false},"product_brand":[],"product_cat":[8976,12499],"product_tag":[8944,31474,31477],"product_designer":[13254],"comfabric":[29542],"manufacturer":[21949],"reporting_designer":[37468],"samplecomfabric":[30568],"designer_clubroom":[],"class_list":{"0":"post-81853","1":"product","2":"type-product","3":"status-publish","4":"has-post-thumbnail","6":"product_cat-canapes","7":"product_cat-assises","8":"product_tag-canape","9":"product_tag-co-white-fr","10":"product_tag-st-curvy-fr","11":"pa_color-bleu-fr","12":"pa_color-rouge-fr","13":"pa_color-vert-fr","14":"pa_fabric-en-blanc-sans-tissu-fr","15":"pa_fabric-tissu-yack-lelievre","16":"product_designer-la-chance-fr","17":"comfabric-la-chance-fr","18":"manufacturer-shipea-chez-sylvania-fr","19":"reporting_designer-la-chance","20":"samplecomfabric-la-chance-fr","22":"first","23":"instock","24":"taxable","25":"shipping-taxable","26":"purchasable","27":"product-type-variable"},"acf":[],"_links":{"self":[{"href":"https:\/\/theinvisiblecollection.com\/fr\/wp-json\/wp\/v2\/product\/81853","targetHints":{"allow":["GET"]}}],"collection":[{"href":"https:\/\/theinvisiblecollection.com\/fr\/wp-json\/wp\/v2\/product"}],"about":[{"href":"https:\/\/theinvisiblecollection.com\/fr\/wp-json\/wp\/v2\/types\/product"}],"wp:featuredmedia":[{"embeddable":true,"href":"https:\/\/theinvisiblecollection.com\/fr\/wp-json\/wp\/v2\/media\/84303"}],"wp:attachment":[{"href":"https:\/\/theinvisiblecollection.com\/fr\/wp-json\/wp\/v2\/media?parent=81853"}],"wp:term":[{"taxonomy":"product_brand","embeddable":true,"href":"https:\/\/theinvisiblecollection.com\/fr\/wp-json\/wp\/v2\/product_brand?post=81853"},{"taxonomy":"product_cat","embeddable":true,"href":"https:\/\/theinvisiblecollection.com\/fr\/wp-json\/wp\/v2\/product_cat?post=81853"},{"taxonomy":"product_tag","embeddable":true,"href":"https:\/\/theinvisiblecollection.com\/fr\/wp-json\/wp\/v2\/product_tag?post=81853"},{"taxonomy":"product_designer","embeddable":true,"href":"https:\/\/theinvisiblecollection.com\/fr\/wp-json\/wp\/v2\/product_designer?post=81853"},{"taxonomy":"comfabric","embeddable":true,"href":"https:\/\/theinvisiblecollection.com\/fr\/wp-json\/wp\/v2\/comfabric?post=81853"},{"taxonomy":"manufacturer","embeddable":true,"href":"https:\/\/theinvisiblecollection.com\/fr\/wp-json\/wp\/v2\/manufacturer?post=81853"},{"taxonomy":"reporting_designer","embeddable":true,"href":"https:\/\/theinvisiblecollection.com\/fr\/wp-json\/wp\/v2\/reporting_designer?post=81853"},{"taxonomy":"samplecomfabric","embeddable":true,"href":"https:\/\/theinvisiblecollection.com\/fr\/wp-json\/wp\/v2\/samplecomfabric?post=81853"},{"taxonomy":"clubroom_product_designer","embeddable":true,"href":"https:\/\/theinvisiblecollection.com\/fr\/wp-json\/wp\/v2\/designer_clubroom?post=81853"}],"curies":[{"name":"wp","href":"https:\/\/api.w.org\/{rel}","templated":true}]}}