{"id":83414,"date":"2021-05-15T14:20:03","date_gmt":"2021-05-15T13:20:03","guid":{"rendered":"https:\/\/theinvisiblecollection.com\/?post_type=product&#038;p=83414"},"modified":"2026-05-01T07:39:17","modified_gmt":"2026-05-01T07:39:17","slug":"isato-prugger-lampe-studio-wenge","status":"publish","type":"product","link":"https:\/\/theinvisiblecollection.com\/fr\/produit\/isato-prugger-lampe-studio-wenge\/","title":{"rendered":"Lampe Studio Weng\u00e9"},"content":{"rendered":"<p style=\"text-align: justify;\"><span class=\"TextRun SCXW114132734 BCX0\" lang=\"EN-GB\" xml:lang=\"EN-GB\" data-contrast=\"auto\"><span class=\"NormalTextRun SCXW114132734 BCX0\">Le bois est un mat\u00e9riau tr\u00e8s irr\u00e9gulier, fa\u00e7onn\u00e9 principalement par des processus d&#8217;enl\u00e8vement de mati\u00e8re, impr\u00e9visible dans ses grains et ses n\u0153uds, donc tr\u00e8s difficile \u00e0 traiter industriellement. Dans l&#8217;\u00e9clairage, il est rarement utilis\u00e9 en raison de sa faible conductivit\u00e9 thermique. La lampe studio d&#8217;Isato Prugger est une lampe de table en bois massif aux proportions monolithiques. Elle est con\u00e7ue dans l&#8217;intention de sculpter la forme de la stabilit\u00e9, une forme de fermet\u00e9 sto\u00efque et silencieuse, accentuant la texture du bois.\u00a0<\/span><\/span><span class=\"EOP SCXW114132734 BCX0\" data-ccp-props=\"{&quot;201341983&quot;:0,&quot;335559740&quot;:259}\">\u00a0<\/span><\/p>\n","protected":false},"excerpt":{"rendered":"<p><p>\u00c9dition limit\u00e9e de 100 pi\u00e8ces<br \/>Lampe de table en bois weng\u00e9<br \/>Dimmable, OLED<br \/>Disponible \u00e9galement en <span style=\"text-decoration: underline;\" data-mce-style=\"text-decoration: underline;\"><a href=\"\/?p=83420\" target=\"_blank\" rel=\"noopener\" data-mce-href=\"https:\/\/theinvisiblecollection.com\/fr\/produit\/isato-prugger-lampe-studio-olivier\/\">olivier<\/a><\/span>, <span style=\"text-decoration: underline;\" data-mce-style=\"text-decoration: underline;\"><a href=\"\/?p=83422\" target=\"_blank\" rel=\"noopener\" data-mce-href=\"https:\/\/theinvisiblecollection.com\/fr\/produit\/isato-prugger-lampe-studio-noyer\/\">noyer<\/a><\/span>, <span style=\"text-decoration: underline;\" data-mce-style=\"text-decoration: underline;\"><a href=\"\/?p=83424\" data-mce-href=\"https:\/\/theinvisiblecollection.com\/fr\/produit\/isato-prugger-lampe-studio-padouk\/\">padouk<\/a><\/span>, <span style=\"text-decoration: underline;\" data-mce-style=\"text-decoration: underline;\"><a href=\"\/?p=83418\" target=\"_blank\" rel=\"noopener\" data-mce-href=\"https:\/\/theinvisiblecollection.com\/produit\/isato-prugger-studio-lamp-white-ash\/\" data-mce-selected=\"inline-boundary\">fr\u00eane blanc<\/a><\/span> et <span style=\"text-decoration: underline;\" data-mce-style=\"text-decoration: underline;\"><a href=\"\/?p=83426\" target=\"_blank\" rel=\"noopener\" data-mce-href=\"https:\/\/theinvisiblecollection.com\/fr\/produit\/isato-prugger-lampe-studio-chene\/\">ch\u00eane<\/a><\/span><\/p>\n<\/p>\n<p>L 22 x l 13 x H 37 cm<\/p>\n<p>Fabriqu\u00e9e \u00e0 la main en Italie<br \/>\nD\u00e9lais de fabrication : 4 &#8211; 6 semaines<\/p>\n<p class=\"p1\"><span style=\"text-decoration: underline;\"><span class=\"s1\"><a href=\"https:\/\/www.theinvisiblecollection.com\/fr\/demande-de-devis\/?product_id=83414\" target=\"_blank\" rel=\"noopener\">Contactez-nous pour toute demande de devis ou de renseignements<\/a><\/span><\/span><\/p><\/p>\n","protected":false},"featured_media":856919,"template":"","meta":{"_acf_changed":false,"content-type":"","_themeisle_gutenberg_block_has_review":false},"product_brand":[],"product_cat":[8974,12507],"product_tag":[8952,9048,9200,11955,31477,33319,35326],"product_designer":[13368],"comfabric":[],"manufacturer":[16942],"reporting_designer":[37516],"samplecomfabric":[],"designer_clubroom":[],"class_list":{"0":"post-83414","1":"product","2":"type-product","3":"status-publish","4":"has-post-thumbnail","6":"product_cat-lampes-de-table","7":"product_cat-luminaires","8":"product_tag-bois-fr","9":"product_tag-lampe","10":"product_tag-luminaire-fr-2","11":"product_tag-lampe-de-table-fr","12":"product_tag-st-curvy-fr","13":"product_tag-edition-limitee","14":"product_tag-st-scandinavian-fr","15":"product_designer-isato-prugger-fr","16":"manufacturer-isato-prugger-fr","17":"reporting_designer-isato-prugger","19":"first","20":"instock","21":"taxable","22":"shipping-taxable","23":"purchasable","24":"product-type-simple"},"acf":[],"_links":{"self":[{"href":"https:\/\/theinvisiblecollection.com\/fr\/wp-json\/wp\/v2\/product\/83414","targetHints":{"allow":["GET"]}}],"collection":[{"href":"https:\/\/theinvisiblecollection.com\/fr\/wp-json\/wp\/v2\/product"}],"about":[{"href":"https:\/\/theinvisiblecollection.com\/fr\/wp-json\/wp\/v2\/types\/product"}],"wp:featuredmedia":[{"embeddable":true,"href":"https:\/\/theinvisiblecollection.com\/fr\/wp-json\/wp\/v2\/media\/856919"}],"wp:attachment":[{"href":"https:\/\/theinvisiblecollection.com\/fr\/wp-json\/wp\/v2\/media?parent=83414"}],"wp:term":[{"taxonomy":"product_brand","embeddable":true,"href":"https:\/\/theinvisiblecollection.com\/fr\/wp-json\/wp\/v2\/product_brand?post=83414"},{"taxonomy":"product_cat","embeddable":true,"href":"https:\/\/theinvisiblecollection.com\/fr\/wp-json\/wp\/v2\/product_cat?post=83414"},{"taxonomy":"product_tag","embeddable":true,"href":"https:\/\/theinvisiblecollection.com\/fr\/wp-json\/wp\/v2\/product_tag?post=83414"},{"taxonomy":"product_designer","embeddable":true,"href":"https:\/\/theinvisiblecollection.com\/fr\/wp-json\/wp\/v2\/product_designer?post=83414"},{"taxonomy":"comfabric","embeddable":true,"href":"https:\/\/theinvisiblecollection.com\/fr\/wp-json\/wp\/v2\/comfabric?post=83414"},{"taxonomy":"manufacturer","embeddable":true,"href":"https:\/\/theinvisiblecollection.com\/fr\/wp-json\/wp\/v2\/manufacturer?post=83414"},{"taxonomy":"reporting_designer","embeddable":true,"href":"https:\/\/theinvisiblecollection.com\/fr\/wp-json\/wp\/v2\/reporting_designer?post=83414"},{"taxonomy":"samplecomfabric","embeddable":true,"href":"https:\/\/theinvisiblecollection.com\/fr\/wp-json\/wp\/v2\/samplecomfabric?post=83414"},{"taxonomy":"clubroom_product_designer","embeddable":true,"href":"https:\/\/theinvisiblecollection.com\/fr\/wp-json\/wp\/v2\/designer_clubroom?post=83414"}],"curies":[{"name":"wp","href":"https:\/\/api.w.org\/{rel}","templated":true}]}}