{"id":84233,"date":"2021-05-25T20:00:24","date_gmt":"2021-05-25T19:00:24","guid":{"rendered":"https:\/\/theinvisiblecollection.com\/?post_type=product&#038;p=84233"},"modified":"2026-05-08T04:40:29","modified_gmt":"2026-05-08T04:40:29","slug":"la-chance-tabouret-bolt-erable","status":"publish","type":"product","link":"https:\/\/theinvisiblecollection.com\/fr\/produit\/la-chance-tabouret-bolt-erable\/","title":{"rendered":"Tabouret Bolt \u00c9rable"},"content":{"rendered":"<p style=\"text-align: justify;\">Bolt est s\u00fbrement le tabouret le plus embl\u00e9matique de la collection. Sa silhouette unique est facilement identifiable avec ses quatre pieds \u00e9l\u00e9gamment maintenus par un anneau. Bolt est un paradoxe : brutal et \u00e9l\u00e9gant \u00e0 la fois, il intrigue au premier abord puis convainc par le confort de son assise. Bolt fait \u00e0 l\u2019origine partie de l\u2019exposition Marginal notes, \u201chappening cr\u00e9atif\u201d men\u00e9 par Note Design Studio en 2012. Le concept de l\u2019\u00e9v\u00e9nement \u00e9tait de mettre en production les croquis et objets impossibles dessin\u00e9s de mani\u00e8re automatique dans les marges des cahiers de l\u2019\u00e9quipe cr\u00e9ative, aussi fous soient-ils. Apr\u00e8s de nombreux prototypes pour faire d\u2019une sculpture un meuble confortable, les artisans de La Chance et Note Design Studio ont finalement cr\u00e9\u00e9 le tabouret qui deviendra l\u2019une des pi\u00e8ces embl\u00e9matiques de la marque, et gagnera notamment le \u201cWallpaper Design Award\u201d l\u2019ann\u00e9e suivante.<\/p>\n","protected":false},"excerpt":{"rendered":"<p>Dessin\u00e9 par Note Design Studio<br \/>\nTabouret en bois d&#8217;\u00e9rable avec anneau orange<\/p>\n<p>\u00d8 45 x H 41 cm<br \/>\nHauteur d&#8217;assise : 41 cm<\/p>\n<p>&nbsp;<\/p>\n<p>Fabriqu\u00e9 \u00e0 la main en Europe<br \/>\nD\u00e9lais de production : 12 &#8211; 14 semaines<\/p>\n<p><span style=\"text-decoration: underline;\"><a href=\"https:\/\/www.theinvisiblecollection.com\/fr\/demande-de-devis\/?product_id=84233\">Contactez-nous pour toute demande de devis ou de renseignements<\/a><\/span><\/p>\n<p>&nbsp;<\/p>\n","protected":false},"featured_media":84252,"template":"","meta":{"_acf_changed":false,"content-type":"","_themeisle_gutenberg_block_has_review":false},"product_brand":[],"product_cat":[8969,16319],"product_tag":[9474,31477],"product_designer":[13254],"comfabric":[],"manufacturer":[21949],"reporting_designer":[37468],"samplecomfabric":[],"designer_clubroom":[],"class_list":{"0":"post-84233","1":"product","2":"type-product","3":"status-publish","4":"has-post-thumbnail","6":"product_cat-ottomans-tabourets","7":"product_cat-cartes-cadeaux","8":"product_tag-tabouret-fr-3","9":"product_tag-st-curvy-fr","10":"product_designer-la-chance-fr","11":"manufacturer-shipea-chez-sylvania-fr","12":"reporting_designer-la-chance","14":"first","15":"instock","16":"featured","17":"taxable","18":"shipping-taxable","19":"purchasable","20":"product-type-simple"},"acf":[],"_links":{"self":[{"href":"https:\/\/theinvisiblecollection.com\/fr\/wp-json\/wp\/v2\/product\/84233","targetHints":{"allow":["GET"]}}],"collection":[{"href":"https:\/\/theinvisiblecollection.com\/fr\/wp-json\/wp\/v2\/product"}],"about":[{"href":"https:\/\/theinvisiblecollection.com\/fr\/wp-json\/wp\/v2\/types\/product"}],"wp:featuredmedia":[{"embeddable":true,"href":"https:\/\/theinvisiblecollection.com\/fr\/wp-json\/wp\/v2\/media\/84252"}],"wp:attachment":[{"href":"https:\/\/theinvisiblecollection.com\/fr\/wp-json\/wp\/v2\/media?parent=84233"}],"wp:term":[{"taxonomy":"product_brand","embeddable":true,"href":"https:\/\/theinvisiblecollection.com\/fr\/wp-json\/wp\/v2\/product_brand?post=84233"},{"taxonomy":"product_cat","embeddable":true,"href":"https:\/\/theinvisiblecollection.com\/fr\/wp-json\/wp\/v2\/product_cat?post=84233"},{"taxonomy":"product_tag","embeddable":true,"href":"https:\/\/theinvisiblecollection.com\/fr\/wp-json\/wp\/v2\/product_tag?post=84233"},{"taxonomy":"product_designer","embeddable":true,"href":"https:\/\/theinvisiblecollection.com\/fr\/wp-json\/wp\/v2\/product_designer?post=84233"},{"taxonomy":"comfabric","embeddable":true,"href":"https:\/\/theinvisiblecollection.com\/fr\/wp-json\/wp\/v2\/comfabric?post=84233"},{"taxonomy":"manufacturer","embeddable":true,"href":"https:\/\/theinvisiblecollection.com\/fr\/wp-json\/wp\/v2\/manufacturer?post=84233"},{"taxonomy":"reporting_designer","embeddable":true,"href":"https:\/\/theinvisiblecollection.com\/fr\/wp-json\/wp\/v2\/reporting_designer?post=84233"},{"taxonomy":"samplecomfabric","embeddable":true,"href":"https:\/\/theinvisiblecollection.com\/fr\/wp-json\/wp\/v2\/samplecomfabric?post=84233"},{"taxonomy":"clubroom_product_designer","embeddable":true,"href":"https:\/\/theinvisiblecollection.com\/fr\/wp-json\/wp\/v2\/designer_clubroom?post=84233"}],"curies":[{"name":"wp","href":"https:\/\/api.w.org\/{rel}","templated":true}]}}