{"id":84351,"date":"2021-05-11T14:08:15","date_gmt":"2021-05-11T13:08:15","guid":{"rendered":"https:\/\/theinvisiblecollection.com\/?post_type=product&#038;p=84351"},"modified":"2026-05-08T04:40:29","modified_gmt":"2026-05-08T04:40:29","slug":"la-chance-table-basse-salute-travertin-et-bleu","status":"publish","type":"product","link":"https:\/\/theinvisiblecollection.com\/fr\/produit\/la-chance-table-basse-salute-travertin-et-bleu\/","title":{"rendered":"Table Salute S Travertin &amp; Bleu"},"content":{"rendered":"<p style=\"text-align: justify\">Salute est une famille de tables d\u2019appoint m\u00ealant marbre et m\u00e9tal. Utilis\u00e9e seule, sa forte pr\u00e9sence visuelle en fait le compagnon id\u00e9al de votre fauteuil ou canap\u00e9 iconique. En associant plusieurs tables en jouant avec les hauteurs et les finitions, Salute devient une grande table basse.<\/p>\n","protected":false},"excerpt":{"rendered":"<p>Dessin\u00e9e par Sebastian Herkner<br \/>\nTable basse avec colonne en travertin<br \/>\nPlateau bleu clair<br \/>\n\u00c9galement disponible en <a href=\"https:\/\/theinvisiblecollection.com\/fr\/produit\/la-chance-table-salute-s-noir-et-chrome\/\" target=\"_blank\" rel=\"noopener\"><span style=\"text-decoration: underline\">marbre noir Marquina avec plateau en chrome<\/span><\/a><\/p>\n<p>\u00d8 70 x H 33 cm<\/p>\n<p>Fabriqu\u00e9e \u00e0 la main en Europe<br \/>\nD\u00e9lais de fabrication : 8 &#8211; 10 semaines<\/p>\n<p><span style=\"text-decoration: underline\"><a href=\"https:\/\/www.theinvisiblecollection.com\/fr\/demande-de-devis\/?product_id=84351\" target=\"_blank\" rel=\"noopener\">Contactez-nous pour toute demande de devis ou de renseignements<\/a><\/span><\/p>\n<p>&nbsp;<\/p>\n","protected":false},"featured_media":84355,"template":"","meta":{"_acf_changed":false,"content-type":"","_themeisle_gutenberg_block_has_review":false},"product_brand":[],"product_cat":[7509,12503],"product_tag":[14926],"product_designer":[13254],"comfabric":[],"manufacturer":[21949],"reporting_designer":[37468],"samplecomfabric":[],"designer_clubroom":[],"class_list":{"0":"post-84351","1":"product","2":"type-product","3":"status-publish","4":"has-post-thumbnail","6":"product_cat-tables-basses-dappoint","7":"product_cat-tables-fr","8":"product_tag-hplstfav-fr","9":"product_designer-la-chance-fr","10":"manufacturer-shipea-chez-sylvania-fr","11":"reporting_designer-la-chance","13":"first","14":"instock","15":"taxable","16":"shipping-taxable","17":"purchasable","18":"product-type-simple"},"acf":[],"_links":{"self":[{"href":"https:\/\/theinvisiblecollection.com\/fr\/wp-json\/wp\/v2\/product\/84351","targetHints":{"allow":["GET"]}}],"collection":[{"href":"https:\/\/theinvisiblecollection.com\/fr\/wp-json\/wp\/v2\/product"}],"about":[{"href":"https:\/\/theinvisiblecollection.com\/fr\/wp-json\/wp\/v2\/types\/product"}],"wp:featuredmedia":[{"embeddable":true,"href":"https:\/\/theinvisiblecollection.com\/fr\/wp-json\/wp\/v2\/media\/84355"}],"wp:attachment":[{"href":"https:\/\/theinvisiblecollection.com\/fr\/wp-json\/wp\/v2\/media?parent=84351"}],"wp:term":[{"taxonomy":"product_brand","embeddable":true,"href":"https:\/\/theinvisiblecollection.com\/fr\/wp-json\/wp\/v2\/product_brand?post=84351"},{"taxonomy":"product_cat","embeddable":true,"href":"https:\/\/theinvisiblecollection.com\/fr\/wp-json\/wp\/v2\/product_cat?post=84351"},{"taxonomy":"product_tag","embeddable":true,"href":"https:\/\/theinvisiblecollection.com\/fr\/wp-json\/wp\/v2\/product_tag?post=84351"},{"taxonomy":"product_designer","embeddable":true,"href":"https:\/\/theinvisiblecollection.com\/fr\/wp-json\/wp\/v2\/product_designer?post=84351"},{"taxonomy":"comfabric","embeddable":true,"href":"https:\/\/theinvisiblecollection.com\/fr\/wp-json\/wp\/v2\/comfabric?post=84351"},{"taxonomy":"manufacturer","embeddable":true,"href":"https:\/\/theinvisiblecollection.com\/fr\/wp-json\/wp\/v2\/manufacturer?post=84351"},{"taxonomy":"reporting_designer","embeddable":true,"href":"https:\/\/theinvisiblecollection.com\/fr\/wp-json\/wp\/v2\/reporting_designer?post=84351"},{"taxonomy":"samplecomfabric","embeddable":true,"href":"https:\/\/theinvisiblecollection.com\/fr\/wp-json\/wp\/v2\/samplecomfabric?post=84351"},{"taxonomy":"clubroom_product_designer","embeddable":true,"href":"https:\/\/theinvisiblecollection.com\/fr\/wp-json\/wp\/v2\/designer_clubroom?post=84351"}],"curies":[{"name":"wp","href":"https:\/\/api.w.org\/{rel}","templated":true}]}}