{"id":84564,"date":"2021-05-11T17:52:11","date_gmt":"2021-05-11T16:52:11","guid":{"rendered":"https:\/\/theinvisiblecollection.com\/?post_type=product&#038;p=84564"},"modified":"2026-05-01T07:39:14","modified_gmt":"2026-05-01T07:39:14","slug":"haymann-editions-pouf-max","status":"publish","type":"product","link":"https:\/\/theinvisiblecollection.com\/fr\/produit\/haymann-editions-pouf-max\/","title":{"rendered":"Pouf max"},"content":{"rendered":"<p style=\"text-align: justify;\">On est tous un peu comme Max! On a souvent envie de s\u2019allonger mais il faut aussi parfois travailler, confortablement install\u00e9. Charles Kalpakian a dessin\u00e9 Max pour vous. Une modernit\u00e9 \u00e9l\u00e9gante accompagn\u00e9e les lignes nettes du fauteuil, Max a \u00e9t\u00e9 dessin\u00e9 avec autant de soin de face et de dos. Le m\u00e9lange de tradition et modernit\u00e9 est ici savamment dos\u00e9.<\/p>\n","protected":false},"excerpt":{"rendered":"<p>Dessin\u00e9 par Charles Kalpakian<br \/>\nPouf tapiss\u00e9 en tissu ou cuir<br \/>\n<span style=\"text-decoration: underline;\"><a href=\"https:\/\/theinvisiblecollection.com\/wp-content\/uploads\/2022\/03\/TheInvisibleCollection_Samples_Haymann-Editions-1.pdf\" target=\"_blank\" rel=\"noopener\">D\u00e9couvrez la s\u00e9lection de tissus ici<\/a><br \/>\n<\/span>Compl\u00e9tez ce look avec le <span style=\"text-decoration: underline;\"><a href=\"https:\/\/theinvisiblecollection.com\/fr\/produit\/haymann-editions-fauteuil-max\/\" target=\"_blank\" rel=\"noopener\">fauteuil Max<\/a><\/span><\/p>\n<p>L 60 x l 60 x H 38 cm<\/p>\n<p>Fabriqu\u00e9 \u00e0 la main en Italie<br \/>\nD\u00e9lais de fabrication : 8 semaines<\/p>\n<p><span style=\"text-decoration: underline;\"><a href=\"https:\/\/www.theinvisiblecollection.com\/demande-de-devis\/?product_id=84564\">Contactez-nous pour toute demande de devis ou de renseignements<\/a><\/span><\/p>\n","protected":false},"featured_media":84811,"template":"","meta":{"_acf_changed":false,"content-type":"","_themeisle_gutenberg_block_has_review":false},"product_brand":[],"product_cat":[8969,12499],"product_tag":[8942,8952,8993,9015,10858],"product_designer":[8919],"comfabric":[],"manufacturer":[20661],"reporting_designer":[37274],"samplecomfabric":[],"designer_clubroom":[],"class_list":{"0":"post-84564","1":"product","2":"type-product","3":"status-publish","4":"has-post-thumbnail","6":"product_cat-ottomans-tabourets","7":"product_cat-assises","8":"product_tag-assise","9":"product_tag-bois-fr","10":"product_tag-salon","11":"product_tag-cuir","12":"product_tag-charles-kalpakian-fr","13":"product_designer-haymann-editions-fr","14":"manufacturer-22-service-fr","15":"reporting_designer-haymann-editions","17":"first","18":"instock","19":"taxable","20":"shipping-taxable","21":"purchasable","22":"product-type-variable"},"acf":[],"_links":{"self":[{"href":"https:\/\/theinvisiblecollection.com\/fr\/wp-json\/wp\/v2\/product\/84564","targetHints":{"allow":["GET"]}}],"collection":[{"href":"https:\/\/theinvisiblecollection.com\/fr\/wp-json\/wp\/v2\/product"}],"about":[{"href":"https:\/\/theinvisiblecollection.com\/fr\/wp-json\/wp\/v2\/types\/product"}],"wp:featuredmedia":[{"embeddable":true,"href":"https:\/\/theinvisiblecollection.com\/fr\/wp-json\/wp\/v2\/media\/84811"}],"wp:attachment":[{"href":"https:\/\/theinvisiblecollection.com\/fr\/wp-json\/wp\/v2\/media?parent=84564"}],"wp:term":[{"taxonomy":"product_brand","embeddable":true,"href":"https:\/\/theinvisiblecollection.com\/fr\/wp-json\/wp\/v2\/product_brand?post=84564"},{"taxonomy":"product_cat","embeddable":true,"href":"https:\/\/theinvisiblecollection.com\/fr\/wp-json\/wp\/v2\/product_cat?post=84564"},{"taxonomy":"product_tag","embeddable":true,"href":"https:\/\/theinvisiblecollection.com\/fr\/wp-json\/wp\/v2\/product_tag?post=84564"},{"taxonomy":"product_designer","embeddable":true,"href":"https:\/\/theinvisiblecollection.com\/fr\/wp-json\/wp\/v2\/product_designer?post=84564"},{"taxonomy":"comfabric","embeddable":true,"href":"https:\/\/theinvisiblecollection.com\/fr\/wp-json\/wp\/v2\/comfabric?post=84564"},{"taxonomy":"manufacturer","embeddable":true,"href":"https:\/\/theinvisiblecollection.com\/fr\/wp-json\/wp\/v2\/manufacturer?post=84564"},{"taxonomy":"reporting_designer","embeddable":true,"href":"https:\/\/theinvisiblecollection.com\/fr\/wp-json\/wp\/v2\/reporting_designer?post=84564"},{"taxonomy":"samplecomfabric","embeddable":true,"href":"https:\/\/theinvisiblecollection.com\/fr\/wp-json\/wp\/v2\/samplecomfabric?post=84564"},{"taxonomy":"clubroom_product_designer","embeddable":true,"href":"https:\/\/theinvisiblecollection.com\/fr\/wp-json\/wp\/v2\/designer_clubroom?post=84564"}],"curies":[{"name":"wp","href":"https:\/\/api.w.org\/{rel}","templated":true}]}}