{"id":86493,"date":"2021-04-20T00:00:00","date_gmt":"2021-04-19T23:00:00","guid":{"rendered":"https:\/\/theinvisiblecollection.com\/?post_type=product&#038;p=86493"},"modified":"2026-05-01T07:39:14","modified_gmt":"2026-05-01T07:39:14","slug":"atelier-pendhapa-table-basse-ginkgo-longue","status":"publish","type":"product","link":"https:\/\/theinvisiblecollection.com\/fr\/produit\/atelier-pendhapa-table-basse-ginkgo-longue\/","title":{"rendered":"Table Basse Ginkgo Longue"},"content":{"rendered":"<p style=\"text-align: justify;\">Gingko a \u00e9t\u00e9 imagin\u00e9 comme une s\u00e9rie de pi\u00e8ces \u00e0 la recherche du lien entre masse et espace. Les pi\u00e8ces sont n\u00e9es de la relation entre le poids et la pr\u00e9sence de mat\u00e9riaux solides sculpt\u00e9s \u00e0 la main avec les courbes qui d\u00e9finissent ses formes. C\u2019est un dialogue entre deux mat\u00e9riaux, deux finitions, deux entit\u00e9s.<\/p>\n","protected":false},"excerpt":{"rendered":"<p>Table basse en teck Javanais<br \/>\nPlateau en laque noir<br \/>\n\u00c9galement disponible en ch\u00eane avec plateau en laque blanche<br \/>\nDimensions et mat\u00e9riaux sur-mesure sur demande<\/p>\n<p>L 138 x l 48 x H 50 cm<\/p>\n<p>Fabriqu\u00e9e \u00e0 la main en Indonesie<br \/>\nD\u00e9lais de production : 6 &#8211; 8 semaines<\/p>\n<p><span style=\"text-decoration: underline;\"><span class=\"s1\"><a href=\"https:\/\/www.theinvisiblecollection.com\/fr\/demande-de-devis\/?product_id=85968\">Contactez-nous pour toute demande de devis ou de renseignements<\/a><\/span><\/span><\/p>\n","protected":false},"featured_media":4947299,"template":"","meta":{"_acf_changed":false,"content-type":"","_themeisle_gutenberg_block_has_review":false},"product_brand":[],"product_cat":[7509,12503],"product_tag":[9059],"product_designer":[13525],"comfabric":[],"manufacturer":[23071],"reporting_designer":[37190],"samplecomfabric":[],"designer_clubroom":[],"class_list":{"0":"post-86493","1":"product","2":"type-product","3":"status-publish","4":"has-post-thumbnail","6":"product_cat-tables-basses-dappoint","7":"product_cat-tables-fr","8":"product_tag-gueridon-fr-2","9":"pa_finish-finition-finement-texturee","10":"pa_finish-sans-finition","11":"product_designer-atelier-pendhapa-fr","12":"manufacturer-atelier-pendhapa-pick-up-fr","13":"reporting_designer-atelier-pendhapa","15":"first","16":"instock","17":"taxable","18":"shipping-taxable","19":"purchasable","20":"product-type-variable"},"acf":[],"_links":{"self":[{"href":"https:\/\/theinvisiblecollection.com\/fr\/wp-json\/wp\/v2\/product\/86493","targetHints":{"allow":["GET"]}}],"collection":[{"href":"https:\/\/theinvisiblecollection.com\/fr\/wp-json\/wp\/v2\/product"}],"about":[{"href":"https:\/\/theinvisiblecollection.com\/fr\/wp-json\/wp\/v2\/types\/product"}],"wp:featuredmedia":[{"embeddable":true,"href":"https:\/\/theinvisiblecollection.com\/fr\/wp-json\/wp\/v2\/media\/4947299"}],"wp:attachment":[{"href":"https:\/\/theinvisiblecollection.com\/fr\/wp-json\/wp\/v2\/media?parent=86493"}],"wp:term":[{"taxonomy":"product_brand","embeddable":true,"href":"https:\/\/theinvisiblecollection.com\/fr\/wp-json\/wp\/v2\/product_brand?post=86493"},{"taxonomy":"product_cat","embeddable":true,"href":"https:\/\/theinvisiblecollection.com\/fr\/wp-json\/wp\/v2\/product_cat?post=86493"},{"taxonomy":"product_tag","embeddable":true,"href":"https:\/\/theinvisiblecollection.com\/fr\/wp-json\/wp\/v2\/product_tag?post=86493"},{"taxonomy":"product_designer","embeddable":true,"href":"https:\/\/theinvisiblecollection.com\/fr\/wp-json\/wp\/v2\/product_designer?post=86493"},{"taxonomy":"comfabric","embeddable":true,"href":"https:\/\/theinvisiblecollection.com\/fr\/wp-json\/wp\/v2\/comfabric?post=86493"},{"taxonomy":"manufacturer","embeddable":true,"href":"https:\/\/theinvisiblecollection.com\/fr\/wp-json\/wp\/v2\/manufacturer?post=86493"},{"taxonomy":"reporting_designer","embeddable":true,"href":"https:\/\/theinvisiblecollection.com\/fr\/wp-json\/wp\/v2\/reporting_designer?post=86493"},{"taxonomy":"samplecomfabric","embeddable":true,"href":"https:\/\/theinvisiblecollection.com\/fr\/wp-json\/wp\/v2\/samplecomfabric?post=86493"},{"taxonomy":"clubroom_product_designer","embeddable":true,"href":"https:\/\/theinvisiblecollection.com\/fr\/wp-json\/wp\/v2\/designer_clubroom?post=86493"}],"curies":[{"name":"wp","href":"https:\/\/api.w.org\/{rel}","templated":true}]}}