{"id":86729,"date":"2021-04-20T00:00:00","date_gmt":"2021-04-19T23:00:00","guid":{"rendered":"https:\/\/theinvisiblecollection.com\/?post_type=product&#038;p=86729"},"modified":"2026-05-01T07:39:14","modified_gmt":"2026-05-01T07:39:14","slug":"atelier-pendhapa-chaise-lounge-cleat","status":"publish","type":"product","link":"https:\/\/theinvisiblecollection.com\/fr\/produit\/atelier-pendhapa-chaise-lounge-cleat\/","title":{"rendered":"Chaise Lounge Cleat"},"content":{"rendered":"<p>Credit photo &#8211; Benedicte Drummond<\/p>\n<p style=\"text-align: justify;\">Cleat est con\u00e7u comme une entit\u00e9 ayant un corps avec une personnalit\u00e9 distincte: ses bras s&#8217;\u00e9tirent doucement depuis son dos pour nous inviter \u00e0 rentrer. Cleat est une pi\u00e8ce taill\u00e9e dans un tout. Sa structure alternativement r\u00e9v\u00e8le et dissimule une partie de notre corps tandis qu\u2019un tressage tiss\u00e9e \u00e0 la main est mont\u00e9e selon des m\u00e9thodes traditionnelles sur une structure en bois massif.<\/p>\n","protected":false},"excerpt":{"rendered":"<p>Chaise en teck Javanais noir avec rotin m\u00e9tallique synth\u00e9tique<br \/>\n\u00c9galement disponible en ch\u00eane, teck Javanais brun ou teck Javanais noir avec assise et dossier en rotin de bambou naturel<br \/>\nVersion en teck et rotin m\u00e9tallique adapt\u00e9e \u00e0 un usage \u00e0 l&#8217;ext\u00e9rieur<span style=\"text-decoration: underline;\"><br \/>\n<\/span>Dimensions et mat\u00e9riaux sur-mesure sur demande<\/p>\n<p>L 69 x l 69 x H 71 cm<br \/>\nHauteur d&#8217;assise : 35 cm<\/p>\n<p>Fabriqu\u00e9e \u00e0 la main en Indonesie<br \/>\nD\u00e9lais de production : 6 &#8211; 8 semaines<\/p>\n<p><span style=\"text-decoration: underline;\"><span class=\"s1\"><a href=\"https:\/\/www.theinvisiblecollection.com\/fr\/demande-de-devis\/?product_id=86729\">Contactez-nous pour toute demande de devis ou de renseignements<\/a><\/span><\/span><\/p>\n","protected":false},"featured_media":86613,"template":"","meta":{"_acf_changed":false,"content-type":"","_themeisle_gutenberg_block_has_review":false},"product_brand":[],"product_cat":[8945,10549,12499],"product_tag":[10140],"product_designer":[13525],"comfabric":[],"manufacturer":[23071],"reporting_designer":[37190],"samplecomfabric":[],"designer_clubroom":[],"class_list":{"0":"post-86729","1":"product","2":"type-product","3":"status-publish","4":"has-post-thumbnail","6":"product_cat-fauteuils","7":"product_cat-mobilier-dexterieur","8":"product_cat-assises","9":"product_tag-mobilier-exterieur-fr","10":"pa_finish-finition-finement-texturee","11":"pa_finish-sans-finition","12":"product_designer-atelier-pendhapa-fr","13":"manufacturer-atelier-pendhapa-pick-up-fr","14":"reporting_designer-atelier-pendhapa","16":"first","17":"instock","18":"taxable","19":"shipping-taxable","20":"purchasable","21":"product-type-variable"},"acf":[],"_links":{"self":[{"href":"https:\/\/theinvisiblecollection.com\/fr\/wp-json\/wp\/v2\/product\/86729","targetHints":{"allow":["GET"]}}],"collection":[{"href":"https:\/\/theinvisiblecollection.com\/fr\/wp-json\/wp\/v2\/product"}],"about":[{"href":"https:\/\/theinvisiblecollection.com\/fr\/wp-json\/wp\/v2\/types\/product"}],"wp:featuredmedia":[{"embeddable":true,"href":"https:\/\/theinvisiblecollection.com\/fr\/wp-json\/wp\/v2\/media\/86613"}],"wp:attachment":[{"href":"https:\/\/theinvisiblecollection.com\/fr\/wp-json\/wp\/v2\/media?parent=86729"}],"wp:term":[{"taxonomy":"product_brand","embeddable":true,"href":"https:\/\/theinvisiblecollection.com\/fr\/wp-json\/wp\/v2\/product_brand?post=86729"},{"taxonomy":"product_cat","embeddable":true,"href":"https:\/\/theinvisiblecollection.com\/fr\/wp-json\/wp\/v2\/product_cat?post=86729"},{"taxonomy":"product_tag","embeddable":true,"href":"https:\/\/theinvisiblecollection.com\/fr\/wp-json\/wp\/v2\/product_tag?post=86729"},{"taxonomy":"product_designer","embeddable":true,"href":"https:\/\/theinvisiblecollection.com\/fr\/wp-json\/wp\/v2\/product_designer?post=86729"},{"taxonomy":"comfabric","embeddable":true,"href":"https:\/\/theinvisiblecollection.com\/fr\/wp-json\/wp\/v2\/comfabric?post=86729"},{"taxonomy":"manufacturer","embeddable":true,"href":"https:\/\/theinvisiblecollection.com\/fr\/wp-json\/wp\/v2\/manufacturer?post=86729"},{"taxonomy":"reporting_designer","embeddable":true,"href":"https:\/\/theinvisiblecollection.com\/fr\/wp-json\/wp\/v2\/reporting_designer?post=86729"},{"taxonomy":"samplecomfabric","embeddable":true,"href":"https:\/\/theinvisiblecollection.com\/fr\/wp-json\/wp\/v2\/samplecomfabric?post=86729"},{"taxonomy":"clubroom_product_designer","embeddable":true,"href":"https:\/\/theinvisiblecollection.com\/fr\/wp-json\/wp\/v2\/designer_clubroom?post=86729"}],"curies":[{"name":"wp","href":"https:\/\/api.w.org\/{rel}","templated":true}]}}