{"id":86731,"date":"2021-04-20T00:00:00","date_gmt":"2021-04-19T23:00:00","guid":{"rendered":"https:\/\/theinvisiblecollection.com\/?post_type=product&#038;p=86731"},"modified":"2026-05-08T04:40:27","modified_gmt":"2026-05-08T04:40:27","slug":"atelier-pendhapa-table-stern","status":"publish","type":"product","link":"https:\/\/theinvisiblecollection.com\/fr\/produit\/atelier-pendhapa-table-stern\/","title":{"rendered":"Table Stern"},"content":{"rendered":"<p style=\"text-align: justify;\">La table Stern a \u00e9t\u00e9 con\u00e7u comme une masse se sortant de terre, comme un arbre qui se d\u00e9veloppe dans le temps. C\u2019est une table qui est sculpt\u00e9e plut\u00f4t qu\u2019assembl\u00e9e. Le processus de fabrication est inspir\u00e9 de la fabrication des coques de bateaux \u00e0 la fois dans sa forme et sa technique de construction. La s\u00e9paration de sa masse inf\u00e9rieur cr\u00e9e deux pieds allong\u00e9s qui portent le plateau, tout en donnant son aspect sculptural. \u00c9tant diff\u00e9rente dans sa perception en fonction de l\u2019angle, la forme de la table change constamment dans l\u2019espace. Stern c\u00e9l\u00e8bre l\u2019artisanat, les mat\u00e9riaux massif et la personnalit\u00e9 du bois.<\/p>\n","protected":false},"excerpt":{"rendered":"<p>Table en ch\u00eane<br \/>\nBase en aluminium noirci<br \/>\nPhotographi\u00e9e ici avec une finition claire<br \/>\nDimensions, finitions et mat\u00e9riaux sur-mesure sur demande<\/p>\n<p>Trois dimensions disponibles :<br \/>\nL 180 x l 100 x H 74 cm<br \/>\nL 240 x l 120 x H 74 cm<br \/>\nL 300 x l 120 x H 74 cm<\/p>\n<p>Fabriqu\u00e9e \u00e0 la main en Indonesie<br \/>\nD\u00e9lais de production : 6 &#8211; 8 semaines<\/p>\n<p><span style=\"text-decoration: underline;\"><span class=\"s1\"><a href=\"https:\/\/www.theinvisiblecollection.com\/fr\/demande-de-devis\/?product_id=86731\">Contactez-nous pour toute demande de devis ou de renseignements<\/a><\/span><\/span><\/p>\n","protected":false},"featured_media":92995,"template":"","meta":{"_acf_changed":false,"content-type":"","_themeisle_gutenberg_block_has_review":false},"product_brand":[],"product_cat":[8977,12503],"product_tag":[],"product_designer":[13525],"comfabric":[],"manufacturer":[23071],"reporting_designer":[37190],"samplecomfabric":[],"designer_clubroom":[],"class_list":{"0":"post-86731","1":"product","2":"type-product","3":"status-publish","4":"has-post-thumbnail","6":"product_cat-tables-salle-a-manger","7":"product_cat-tables-fr","8":"pa_finish-finition-finement-texturee","9":"pa_finish-sans-finition","10":"pa_size-grand-fr","11":"pa_size-moyen-fr","12":"pa_size-petit-fr","13":"product_designer-atelier-pendhapa-fr","14":"manufacturer-atelier-pendhapa-pick-up-fr","15":"reporting_designer-atelier-pendhapa","17":"first","18":"instock","19":"taxable","20":"shipping-taxable","21":"purchasable","22":"product-type-variable"},"acf":[],"_links":{"self":[{"href":"https:\/\/theinvisiblecollection.com\/fr\/wp-json\/wp\/v2\/product\/86731","targetHints":{"allow":["GET"]}}],"collection":[{"href":"https:\/\/theinvisiblecollection.com\/fr\/wp-json\/wp\/v2\/product"}],"about":[{"href":"https:\/\/theinvisiblecollection.com\/fr\/wp-json\/wp\/v2\/types\/product"}],"wp:featuredmedia":[{"embeddable":true,"href":"https:\/\/theinvisiblecollection.com\/fr\/wp-json\/wp\/v2\/media\/92995"}],"wp:attachment":[{"href":"https:\/\/theinvisiblecollection.com\/fr\/wp-json\/wp\/v2\/media?parent=86731"}],"wp:term":[{"taxonomy":"product_brand","embeddable":true,"href":"https:\/\/theinvisiblecollection.com\/fr\/wp-json\/wp\/v2\/product_brand?post=86731"},{"taxonomy":"product_cat","embeddable":true,"href":"https:\/\/theinvisiblecollection.com\/fr\/wp-json\/wp\/v2\/product_cat?post=86731"},{"taxonomy":"product_tag","embeddable":true,"href":"https:\/\/theinvisiblecollection.com\/fr\/wp-json\/wp\/v2\/product_tag?post=86731"},{"taxonomy":"product_designer","embeddable":true,"href":"https:\/\/theinvisiblecollection.com\/fr\/wp-json\/wp\/v2\/product_designer?post=86731"},{"taxonomy":"comfabric","embeddable":true,"href":"https:\/\/theinvisiblecollection.com\/fr\/wp-json\/wp\/v2\/comfabric?post=86731"},{"taxonomy":"manufacturer","embeddable":true,"href":"https:\/\/theinvisiblecollection.com\/fr\/wp-json\/wp\/v2\/manufacturer?post=86731"},{"taxonomy":"reporting_designer","embeddable":true,"href":"https:\/\/theinvisiblecollection.com\/fr\/wp-json\/wp\/v2\/reporting_designer?post=86731"},{"taxonomy":"samplecomfabric","embeddable":true,"href":"https:\/\/theinvisiblecollection.com\/fr\/wp-json\/wp\/v2\/samplecomfabric?post=86731"},{"taxonomy":"clubroom_product_designer","embeddable":true,"href":"https:\/\/theinvisiblecollection.com\/fr\/wp-json\/wp\/v2\/designer_clubroom?post=86731"}],"curies":[{"name":"wp","href":"https:\/\/api.w.org\/{rel}","templated":true}]}}