{"id":87184,"date":"2021-04-20T00:00:00","date_gmt":"2021-04-19T23:00:00","guid":{"rendered":"https:\/\/theinvisiblecollection.com\/?post_type=product&#038;p=87184"},"modified":"2026-05-01T07:39:14","modified_gmt":"2026-05-01T07:39:14","slug":"atelier-pendhapa-chaise-longue-double-le-scarabee","status":"publish","type":"product","link":"https:\/\/theinvisiblecollection.com\/fr\/produit\/atelier-pendhapa-chaise-longue-double-le-scarabee\/","title":{"rendered":"Chaise Longue Double Le Scarab\u00e9e"},"content":{"rendered":"<p style=\"text-align: justify;\">Le Scarab\u00e9e a un caract\u00e8re intemporel \u00e0 la fois dans sa mat\u00e9rialit\u00e9 en bois massif et dans sa fonction polyvalente comme alternativement une confortable chaise longue et une grande table basse d\u2019ext\u00e9rieur.<\/p>\n","protected":false},"excerpt":{"rendered":"<p>Chaise longue en teck Javanais noir, recouverte de tissu<br \/>\n\u00c9galement disponible en ch\u00eane<br \/>\n<span style=\"text-decoration: underline;\"><a href=\"https:\/\/theinvisiblecollection.com\/wp-content\/uploads\/2021\/08\/TheInvisibleCollection_Atelier_Pendhapa_Scarabee_Daybed_Samples_Catalogue.pdf\" target=\"_blank\" rel=\"noopener\">D\u00e9couvrez la s\u00e9lection de tissus outdoor ici<\/a><br \/>\n<\/span>Adapt\u00e9e \u00e0 un usage \u00e0 l&#8217;ext\u00e9rieur et int\u00e9rieur<br \/>\nDimensions, tissus et mat\u00e9riaux sur-mesure sur demande<br \/>\n<span style=\"text-decoration: underline;\"><br \/>\n<\/span><\/p>\n<p>L 200 x l 150 x H 38 cm<\/p>\n<p>Fabriqu\u00e9e \u00e0 la main en Indon\u00e9sie<br \/>\nD\u00e9lais de production : 8 -10 semaines<\/p>\n<p><span style=\"text-decoration: underline;\"><span class=\"s1\"><a href=\"https:\/\/www.theinvisiblecollection.com\/fr\/demande-de-devis\/?product_id=85968\">Contactez-nous pour toute demande de devis ou de renseignements<\/a><\/span><\/span><\/p>\n","protected":false},"featured_media":5397531,"template":"","meta":{"_acf_changed":false,"content-type":"","_themeisle_gutenberg_block_has_review":false},"product_brand":[],"product_cat":[8947,8973,10549,12499],"product_tag":[10140],"product_designer":[13525],"comfabric":[],"manufacturer":[23071],"reporting_designer":[37190],"samplecomfabric":[],"designer_clubroom":[],"class_list":{"0":"post-87184","1":"product","2":"type-product","3":"status-publish","4":"has-post-thumbnail","6":"product_cat-bancs","7":"product_cat-canapes-lits","8":"product_cat-mobilier-dexterieur","9":"product_cat-assises","10":"product_tag-mobilier-exterieur-fr","11":"product_designer-atelier-pendhapa-fr","12":"manufacturer-atelier-pendhapa-pick-up-fr","13":"reporting_designer-atelier-pendhapa","15":"first","16":"instock","17":"taxable","18":"shipping-taxable","19":"purchasable","20":"product-type-variable"},"acf":[],"_links":{"self":[{"href":"https:\/\/theinvisiblecollection.com\/fr\/wp-json\/wp\/v2\/product\/87184","targetHints":{"allow":["GET"]}}],"collection":[{"href":"https:\/\/theinvisiblecollection.com\/fr\/wp-json\/wp\/v2\/product"}],"about":[{"href":"https:\/\/theinvisiblecollection.com\/fr\/wp-json\/wp\/v2\/types\/product"}],"wp:featuredmedia":[{"embeddable":true,"href":"https:\/\/theinvisiblecollection.com\/fr\/wp-json\/wp\/v2\/media\/5397531"}],"wp:attachment":[{"href":"https:\/\/theinvisiblecollection.com\/fr\/wp-json\/wp\/v2\/media?parent=87184"}],"wp:term":[{"taxonomy":"product_brand","embeddable":true,"href":"https:\/\/theinvisiblecollection.com\/fr\/wp-json\/wp\/v2\/product_brand?post=87184"},{"taxonomy":"product_cat","embeddable":true,"href":"https:\/\/theinvisiblecollection.com\/fr\/wp-json\/wp\/v2\/product_cat?post=87184"},{"taxonomy":"product_tag","embeddable":true,"href":"https:\/\/theinvisiblecollection.com\/fr\/wp-json\/wp\/v2\/product_tag?post=87184"},{"taxonomy":"product_designer","embeddable":true,"href":"https:\/\/theinvisiblecollection.com\/fr\/wp-json\/wp\/v2\/product_designer?post=87184"},{"taxonomy":"comfabric","embeddable":true,"href":"https:\/\/theinvisiblecollection.com\/fr\/wp-json\/wp\/v2\/comfabric?post=87184"},{"taxonomy":"manufacturer","embeddable":true,"href":"https:\/\/theinvisiblecollection.com\/fr\/wp-json\/wp\/v2\/manufacturer?post=87184"},{"taxonomy":"reporting_designer","embeddable":true,"href":"https:\/\/theinvisiblecollection.com\/fr\/wp-json\/wp\/v2\/reporting_designer?post=87184"},{"taxonomy":"samplecomfabric","embeddable":true,"href":"https:\/\/theinvisiblecollection.com\/fr\/wp-json\/wp\/v2\/samplecomfabric?post=87184"},{"taxonomy":"clubroom_product_designer","embeddable":true,"href":"https:\/\/theinvisiblecollection.com\/fr\/wp-json\/wp\/v2\/designer_clubroom?post=87184"}],"curies":[{"name":"wp","href":"https:\/\/api.w.org\/{rel}","templated":true}]}}