{"id":87700,"date":"2021-04-20T00:00:00","date_gmt":"2021-04-19T23:00:00","guid":{"rendered":"https:\/\/theinvisiblecollection.com\/?post_type=product&#038;p=87700"},"modified":"2026-05-08T04:40:27","modified_gmt":"2026-05-08T04:40:27","slug":"atelier-pendhapa-chaise-lecorce","status":"publish","type":"product","link":"https:\/\/theinvisiblecollection.com\/fr\/produit\/atelier-pendhapa-chaise-lecorce\/","title":{"rendered":"Chaise L&#8217;\u00c9corce"},"content":{"rendered":"<p style=\"text-align: justify;\">Premi\u00e8re pi\u00e8ce de la collection Arna, L\u2019\u00c9corce a donn\u00e9 le ton myst\u00e9rieux des pi\u00e8ces qui suivront. L\u2019\u00c9corce a \u00e9t\u00e9 imagin\u00e9e comme un meuble en pleine croissance: un bouclier protecteur solide. La collection est con\u00e7ue comme une famille d&#8217;assises dont les hauteurs varient entre un tabouret, un banc ou un fauteuil. Toutes les pi\u00e8ces gardent le m\u00eame esprit de l\u2019\u00e9corce d&#8217;un arbre enveloppant notre corps. Leurs longues fentes expriment un mouvement vertical qui change en fonction des angles sous lesquels on les regarde.<\/p>\n","protected":false},"excerpt":{"rendered":"<p>Chaise en teck Javanais noir, tapiss\u00e9e de tissu<br \/>\n\u00c9galement disponible en ch\u00eane massif<br \/>\n<span style=\"text-decoration: underline;\"><a href=\"https:\/\/theinvisiblecollection.com\/wp-content\/uploads\/2022\/08\/TheInvisibleCollection_FabricSelection_AtelierPendhapa-2.pdf\" target=\"_blank\" rel=\"noopener\">D\u00e9couvrez la s\u00e9lection de tissus ici<\/a><\/span><br \/>\nDimensions, tissus et mat\u00e9riaux sur mesure sur demande<\/p>\n<p>L 49 x l 54 x H 78 cm<br \/>\nHauteur d&#8217;assise : 45 cm<br \/>\nTissu requis : 3 m<\/p>\n<p>Fabriqu\u00e9e \u00e0 la main en Indonesie<br \/>\nD\u00e9lais de production : 6 &#8211; 8 semaines<\/p>\n<p><span style=\"text-decoration: underline;\"><span class=\"s1\"><a href=\"https:\/\/www.theinvisiblecollection.com\/fr\/demande-de-devis\/?product_id=87700\">Contactez-nous pour toute demande de devis ou de renseignements<\/a><\/span><\/span><\/p>\n","protected":false},"featured_media":154018,"template":"","meta":{"_acf_changed":false,"content-type":"","_themeisle_gutenberg_block_has_review":false},"product_brand":[],"product_cat":[8962,12499],"product_tag":[9059],"product_designer":[13525],"comfabric":[],"manufacturer":[23071],"reporting_designer":[37190],"samplecomfabric":[],"designer_clubroom":[],"class_list":{"0":"post-87700","1":"product","2":"type-product","3":"status-publish","4":"has-post-thumbnail","6":"product_cat-chaises","7":"product_cat-assises","8":"product_tag-gueridon-fr-2","9":"pa_finish-finition-finement-texturee","10":"pa_finish-sans-finition","11":"product_designer-atelier-pendhapa-fr","12":"manufacturer-atelier-pendhapa-pick-up-fr","13":"reporting_designer-atelier-pendhapa","15":"first","16":"instock","17":"taxable","18":"shipping-taxable","19":"purchasable","20":"product-type-variable"},"acf":[],"_links":{"self":[{"href":"https:\/\/theinvisiblecollection.com\/fr\/wp-json\/wp\/v2\/product\/87700","targetHints":{"allow":["GET"]}}],"collection":[{"href":"https:\/\/theinvisiblecollection.com\/fr\/wp-json\/wp\/v2\/product"}],"about":[{"href":"https:\/\/theinvisiblecollection.com\/fr\/wp-json\/wp\/v2\/types\/product"}],"wp:featuredmedia":[{"embeddable":true,"href":"https:\/\/theinvisiblecollection.com\/fr\/wp-json\/wp\/v2\/media\/154018"}],"wp:attachment":[{"href":"https:\/\/theinvisiblecollection.com\/fr\/wp-json\/wp\/v2\/media?parent=87700"}],"wp:term":[{"taxonomy":"product_brand","embeddable":true,"href":"https:\/\/theinvisiblecollection.com\/fr\/wp-json\/wp\/v2\/product_brand?post=87700"},{"taxonomy":"product_cat","embeddable":true,"href":"https:\/\/theinvisiblecollection.com\/fr\/wp-json\/wp\/v2\/product_cat?post=87700"},{"taxonomy":"product_tag","embeddable":true,"href":"https:\/\/theinvisiblecollection.com\/fr\/wp-json\/wp\/v2\/product_tag?post=87700"},{"taxonomy":"product_designer","embeddable":true,"href":"https:\/\/theinvisiblecollection.com\/fr\/wp-json\/wp\/v2\/product_designer?post=87700"},{"taxonomy":"comfabric","embeddable":true,"href":"https:\/\/theinvisiblecollection.com\/fr\/wp-json\/wp\/v2\/comfabric?post=87700"},{"taxonomy":"manufacturer","embeddable":true,"href":"https:\/\/theinvisiblecollection.com\/fr\/wp-json\/wp\/v2\/manufacturer?post=87700"},{"taxonomy":"reporting_designer","embeddable":true,"href":"https:\/\/theinvisiblecollection.com\/fr\/wp-json\/wp\/v2\/reporting_designer?post=87700"},{"taxonomy":"samplecomfabric","embeddable":true,"href":"https:\/\/theinvisiblecollection.com\/fr\/wp-json\/wp\/v2\/samplecomfabric?post=87700"},{"taxonomy":"clubroom_product_designer","embeddable":true,"href":"https:\/\/theinvisiblecollection.com\/fr\/wp-json\/wp\/v2\/designer_clubroom?post=87700"}],"curies":[{"name":"wp","href":"https:\/\/api.w.org\/{rel}","templated":true}]}}