{"id":90325,"date":"2021-07-06T18:40:44","date_gmt":"2021-07-06T17:40:44","guid":{"rendered":"https:\/\/theinvisiblecollection.com\/?post_type=product&#038;p=90325"},"modified":"2026-05-01T07:39:14","modified_gmt":"2026-05-01T07:39:14","slug":"atelier-pendhapa-table-d-appoint-bollard-teck","status":"publish","type":"product","link":"https:\/\/theinvisiblecollection.com\/fr\/produit\/atelier-pendhapa-table-d-appoint-bollard-teck\/","title":{"rendered":"Table d&#8217;Appoint Bollard Teck"},"content":{"rendered":"<p style=\"text-align: justify;\">Bollard tient sa personnalit\u00e9 \u00e0 la fois de la fluidit\u00e9 de sa forme et de la texture de sa mati\u00e8re. Cette pi\u00e8ce \u00e0 un avant et un derri\u00e8re: une certaine orientation. Sa forme est d\u00e9riv\u00e9e du taillage d\u2019une tout afin que notre perception de la pi\u00e8ce change au fil et \u00e0 travers que nous naviguons autour de la pi\u00e8ce. Con\u00e7ue comme un objet aux multiples fonctions qui vous suivra au travers des ann\u00e9es, Bollard \u00e9pouse le temps et l\u2019usage sur sa peau.<\/p>\n","protected":false},"excerpt":{"rendered":"<p>Table d&#8217;appoint photographi\u00e9e ici en teck Javanais noir et brun<br \/>\n\u00c9galement disponible en ch\u00eane<br \/>\n<span style=\"text-decoration: underline;\"><a href=\"https:\/\/theinvisiblecollection.com\/wp-content\/uploads\/2021\/06\/The-Invisible-Collection_Bollard_side_table_samples_compressed.pdf\" target=\"_blank\" rel=\"noopener\">D\u00e9couvrez la s\u00e9lection de mat\u00e9riaux ici<\/a><\/span><br \/>\nVersion en teck adapt\u00e9e \u00e0 un usage ext\u00e9rieur<br \/>\nDimensions et mat\u00e9riaux sur-mesure sur demande<\/p>\n<p><strong>\u00a0<\/strong>\u00d8 35 x H 45 cm<\/p>\n<p>Fabriqu\u00e9e \u00e0 la main en Indon\u00e9sie<br \/>\nD\u00e9lais de production : 4 &#8211; 6 semaines<\/p>\n<p><span style=\"text-decoration: underline;\"><span class=\"s1\"><a href=\"https:\/\/www.theinvisiblecollection.com\/fr\/demande-de-devis\/?product_id=90325\" target=\"_blank\" rel=\"noopener\">Contactez-nous pour toute demande de devis ou de renseignements<\/a><\/span><\/span><\/p>\n","protected":false},"featured_media":86693,"template":"","meta":{"_acf_changed":false,"content-type":"","_themeisle_gutenberg_block_has_review":false},"product_brand":[],"product_cat":[8969,12332,12499,12503,12514],"product_tag":[10140],"product_designer":[13525],"comfabric":[],"manufacturer":[23071],"reporting_designer":[37190],"samplecomfabric":[],"designer_clubroom":[],"class_list":{"0":"post-90325","1":"product","2":"type-product","3":"status-publish","4":"has-post-thumbnail","6":"product_cat-ottomans-tabourets","7":"product_cat-tables-dappoint","8":"product_cat-assises","9":"product_cat-tables-fr","10":"product_cat-tables-de-chevet","11":"product_tag-mobilier-exterieur-fr","12":"pa_finish-finition-finement-texturee","13":"pa_finish-sans-finition","14":"product_designer-atelier-pendhapa-fr","15":"manufacturer-atelier-pendhapa-pick-up-fr","16":"reporting_designer-atelier-pendhapa","18":"first","19":"instock","20":"taxable","21":"shipping-taxable","22":"purchasable","23":"product-type-variable"},"acf":[],"_links":{"self":[{"href":"https:\/\/theinvisiblecollection.com\/fr\/wp-json\/wp\/v2\/product\/90325","targetHints":{"allow":["GET"]}}],"collection":[{"href":"https:\/\/theinvisiblecollection.com\/fr\/wp-json\/wp\/v2\/product"}],"about":[{"href":"https:\/\/theinvisiblecollection.com\/fr\/wp-json\/wp\/v2\/types\/product"}],"wp:featuredmedia":[{"embeddable":true,"href":"https:\/\/theinvisiblecollection.com\/fr\/wp-json\/wp\/v2\/media\/86693"}],"wp:attachment":[{"href":"https:\/\/theinvisiblecollection.com\/fr\/wp-json\/wp\/v2\/media?parent=90325"}],"wp:term":[{"taxonomy":"product_brand","embeddable":true,"href":"https:\/\/theinvisiblecollection.com\/fr\/wp-json\/wp\/v2\/product_brand?post=90325"},{"taxonomy":"product_cat","embeddable":true,"href":"https:\/\/theinvisiblecollection.com\/fr\/wp-json\/wp\/v2\/product_cat?post=90325"},{"taxonomy":"product_tag","embeddable":true,"href":"https:\/\/theinvisiblecollection.com\/fr\/wp-json\/wp\/v2\/product_tag?post=90325"},{"taxonomy":"product_designer","embeddable":true,"href":"https:\/\/theinvisiblecollection.com\/fr\/wp-json\/wp\/v2\/product_designer?post=90325"},{"taxonomy":"comfabric","embeddable":true,"href":"https:\/\/theinvisiblecollection.com\/fr\/wp-json\/wp\/v2\/comfabric?post=90325"},{"taxonomy":"manufacturer","embeddable":true,"href":"https:\/\/theinvisiblecollection.com\/fr\/wp-json\/wp\/v2\/manufacturer?post=90325"},{"taxonomy":"reporting_designer","embeddable":true,"href":"https:\/\/theinvisiblecollection.com\/fr\/wp-json\/wp\/v2\/reporting_designer?post=90325"},{"taxonomy":"samplecomfabric","embeddable":true,"href":"https:\/\/theinvisiblecollection.com\/fr\/wp-json\/wp\/v2\/samplecomfabric?post=90325"},{"taxonomy":"clubroom_product_designer","embeddable":true,"href":"https:\/\/theinvisiblecollection.com\/fr\/wp-json\/wp\/v2\/designer_clubroom?post=90325"}],"curies":[{"name":"wp","href":"https:\/\/api.w.org\/{rel}","templated":true}]}}