{"id":90918,"date":"2021-04-15T10:01:16","date_gmt":"2021-04-15T09:01:16","guid":{"rendered":"https:\/\/theinvisiblecollection.com\/?post_type=product&#038;p=90918"},"modified":"2026-05-01T07:39:12","modified_gmt":"2026-05-01T07:39:12","slug":"julien-lagueste-table-basse-ile-de-beaute","status":"publish","type":"product","link":"https:\/\/theinvisiblecollection.com\/fr\/produit\/julien-lagueste-table-basse-ile-de-beaute\/","title":{"rendered":"Table Basse Ile De Beaut\u00e9"},"content":{"rendered":"<p>Cr\u00e9dit photo : Franc\u0327ois Roelants<\/p>\n","protected":false},"excerpt":{"rendered":"<p>Design par Julien Lagueste<br \/>\nCr\u00e9ation int\u00e9gr\u00e9e au sein des collections du Mobilier national<br \/>\nPlateau compos\u00e9 de 5 couches de r\u00e9sine transparente m\u00e9lang\u00e9e avec des pigments et travaill\u00e9e \u00e0 la main<br \/>\nPhotographi\u00e9e ici dans sa couleur originale turquoise<br \/>\n<span style=\"text-decoration: underline;\"><a href=\"https:\/\/theinvisiblecollection.com\/wp-content\/uploads\/2022\/07\/Invisible-Collection_Julien-Lagueste-_Colour-Selection.pdf\" target=\"_blank\" rel=\"noopener\">D\u00e9couvrez la s\u00e9lection de couleurs ici<\/a><\/span><br \/>\nPi\u00e8tement en bouleau contreplaqu\u00e9, finition vernis mat<br \/>\nChaque table est unique, les plateaux en r\u00e9sine comportent de l\u00e9g\u00e8res imperfections et variations de couleur en raison du travail artisanal<br \/>\n<span class=\"x_ContentPasted2\"><span class=\"x_ContentPasted3\"><span class=\"x_ContentPasted4\">Dimensions et couleurs de r\u00e9sine sur-mesure sur demande<\/span><\/span><\/span><\/p>\n<p><strong>\u00a0<\/strong>L 110 x l 76 x H 28.8 cm<\/p>\n<p>Fabriqu\u00e9e \u00e0 la main en France par l&#8217;artiste<br \/>\nD\u00e9lais de production : 20 semaines<\/p>\n<p><span style=\"text-decoration: underline;\"><a href=\"https:\/\/www.theinvisiblecollection.com\/fr\/demande-de-devis\/?product_id=39273\">Contactez-nous pour toute demande de devis ou de renseignements<\/a><\/span><\/p>\n","protected":false},"featured_media":5859033,"template":"","meta":{"_acf_changed":false,"content-type":"","_themeisle_gutenberg_block_has_review":false},"product_brand":[],"product_cat":[7509,12503],"product_tag":[9195,11360,20434,35206],"product_designer":[8932,20441],"comfabric":[],"manufacturer":[16719],"reporting_designer":[37688],"samplecomfabric":[],"designer_clubroom":[],"class_list":{"0":"post-90918","1":"product","2":"type-product","3":"status-publish","4":"has-post-thumbnail","6":"product_cat-tables-basses-dappoint","7":"product_cat-tables-fr","8":"product_tag-resine","9":"product_tag-en-stock","10":"product_tag-mobilier-national-fr","11":"product_tag-exclusive-fr","12":"pa_size-large-en","13":"pa_size-medium","14":"pa_size-set-of-three","15":"pa_size-small-en","16":"product_designer-julien-lagueste-fr","17":"product_designer-mobilier-national-fr","18":"manufacturer-julien-lagueste-fr","19":"reporting_designer-julien-lagueste","21":"first","22":"instock","23":"taxable","24":"shipping-taxable","25":"purchasable","26":"product-type-variable"},"acf":[],"_links":{"self":[{"href":"https:\/\/theinvisiblecollection.com\/fr\/wp-json\/wp\/v2\/product\/90918","targetHints":{"allow":["GET"]}}],"collection":[{"href":"https:\/\/theinvisiblecollection.com\/fr\/wp-json\/wp\/v2\/product"}],"about":[{"href":"https:\/\/theinvisiblecollection.com\/fr\/wp-json\/wp\/v2\/types\/product"}],"wp:featuredmedia":[{"embeddable":true,"href":"https:\/\/theinvisiblecollection.com\/fr\/wp-json\/wp\/v2\/media\/5859033"}],"wp:attachment":[{"href":"https:\/\/theinvisiblecollection.com\/fr\/wp-json\/wp\/v2\/media?parent=90918"}],"wp:term":[{"taxonomy":"product_brand","embeddable":true,"href":"https:\/\/theinvisiblecollection.com\/fr\/wp-json\/wp\/v2\/product_brand?post=90918"},{"taxonomy":"product_cat","embeddable":true,"href":"https:\/\/theinvisiblecollection.com\/fr\/wp-json\/wp\/v2\/product_cat?post=90918"},{"taxonomy":"product_tag","embeddable":true,"href":"https:\/\/theinvisiblecollection.com\/fr\/wp-json\/wp\/v2\/product_tag?post=90918"},{"taxonomy":"product_designer","embeddable":true,"href":"https:\/\/theinvisiblecollection.com\/fr\/wp-json\/wp\/v2\/product_designer?post=90918"},{"taxonomy":"comfabric","embeddable":true,"href":"https:\/\/theinvisiblecollection.com\/fr\/wp-json\/wp\/v2\/comfabric?post=90918"},{"taxonomy":"manufacturer","embeddable":true,"href":"https:\/\/theinvisiblecollection.com\/fr\/wp-json\/wp\/v2\/manufacturer?post=90918"},{"taxonomy":"reporting_designer","embeddable":true,"href":"https:\/\/theinvisiblecollection.com\/fr\/wp-json\/wp\/v2\/reporting_designer?post=90918"},{"taxonomy":"samplecomfabric","embeddable":true,"href":"https:\/\/theinvisiblecollection.com\/fr\/wp-json\/wp\/v2\/samplecomfabric?post=90918"},{"taxonomy":"clubroom_product_designer","embeddable":true,"href":"https:\/\/theinvisiblecollection.com\/fr\/wp-json\/wp\/v2\/designer_clubroom?post=90918"}],"curies":[{"name":"wp","href":"https:\/\/api.w.org\/{rel}","templated":true}]}}