{"id":91321,"date":"2022-09-27T16:38:00","date_gmt":"2022-09-27T15:38:00","guid":{"rendered":"https:\/\/theinvisiblecollection.com\/?post_type=product&#038;p=91321"},"modified":"2026-05-01T07:39:12","modified_gmt":"2026-05-01T07:39:12","slug":"anut-cairo-set-de-serviette-de-table-tulipe","status":"publish","type":"product","link":"https:\/\/theinvisiblecollection.com\/fr\/produit\/anut-cairo-set-de-serviette-de-table-tulipe\/","title":{"rendered":"Serviette Tulipe"},"content":{"rendered":"<p style=\"text-align: justify;\"><span data-contrast=\"none\">Pendant des milliers d\u2019ann\u00e9es, le Nil a \u00e9t\u00e9 la ligne de vie de l\u2019\u00c9gypte. Les rives du fleuve sont bord\u00e9es de palmeraies tr\u00e8s denses derri\u00e8re lesquelles surgissent des dunes de sable spectaculaires. C\u2019est dans ce couloir verdoyant que des villages, comme Sohag et Assiout, ont prosp\u00e9r\u00e9 et que leurs communaut\u00e9s se sont mises \u00e0 fabriquer des textiles depuis des si\u00e8cles. Cette collection, qui s\u2019inspire des paysages du Nil, est r\u00e9alis\u00e9e par des femmes de ces villages qui perp\u00e9tuent\u00a0\u00a0ces traditions.<\/span><span data-ccp-props=\"{&quot;201341983&quot;:0,&quot;335559740&quot;:259}\">\u00a0<\/span><\/p>\n","protected":false},"excerpt":{"rendered":"<div class=\"pro-extra-item\">\n<p>Serviette, 100% lin<br \/>\nBrod\u00e9e \u00e0 la main<\/p>\n<\/div>\n<div class=\"pro-extra-item\"><\/div>\n<p>L 46 x l 46 cm<\/p>\n<p class=\"p1\">Fabriqu\u00e9e \u00e0 la main en Egypte<br \/>\nDisponible imm\u00e9diatement<\/p>\n<p class=\"p2\"><span style=\"text-decoration: underline;\"><span class=\"s1\"><a href=\"https:\/\/www.theinvisiblecollection.com\/fr\/contact-produit\/?product_id=91321\">Contactez-nous pour toute demande de devis ou de renseignements<\/a><\/span><\/span><\/p>\n","protected":false},"featured_media":134613,"template":"","meta":{"_acf_changed":false,"content-type":"","_themeisle_gutenberg_block_has_review":false},"product_brand":[],"product_cat":[12535,16319,7517],"product_tag":[14925,22790,31474,7435],"product_designer":[33947],"comfabric":[],"manufacturer":[16914],"reporting_designer":[37858],"samplecomfabric":[],"designer_clubroom":[],"class_list":{"0":"post-91321","1":"product","2":"type-product","3":"status-publish","4":"has-post-thumbnail","6":"product_cat-arts-de-la-table","7":"product_cat-cartes-cadeaux","8":"product_cat-deco-fr","9":"product_tag-hpfav-fr","10":"product_tag-disponible-immediatement","11":"product_tag-co-white-fr","12":"product_tag-new-in-fr","13":"pa_color-amber-fr","14":"pa_color-bleu-fr","15":"pa_color-bois-de-rose-fr","16":"pa_color-rouge-fr","17":"product_designer-anut-cairo-fr","18":"manufacturer-malaika-berlin-warehouse-fr","19":"reporting_designer-anut-cairo","21":"first","22":"instock","23":"taxable","24":"shipping-taxable","25":"purchasable","26":"product-type-variable"},"acf":[],"_links":{"self":[{"href":"https:\/\/theinvisiblecollection.com\/fr\/wp-json\/wp\/v2\/product\/91321","targetHints":{"allow":["GET"]}}],"collection":[{"href":"https:\/\/theinvisiblecollection.com\/fr\/wp-json\/wp\/v2\/product"}],"about":[{"href":"https:\/\/theinvisiblecollection.com\/fr\/wp-json\/wp\/v2\/types\/product"}],"wp:featuredmedia":[{"embeddable":true,"href":"https:\/\/theinvisiblecollection.com\/fr\/wp-json\/wp\/v2\/media\/134613"}],"wp:attachment":[{"href":"https:\/\/theinvisiblecollection.com\/fr\/wp-json\/wp\/v2\/media?parent=91321"}],"wp:term":[{"taxonomy":"product_brand","embeddable":true,"href":"https:\/\/theinvisiblecollection.com\/fr\/wp-json\/wp\/v2\/product_brand?post=91321"},{"taxonomy":"product_cat","embeddable":true,"href":"https:\/\/theinvisiblecollection.com\/fr\/wp-json\/wp\/v2\/product_cat?post=91321"},{"taxonomy":"product_tag","embeddable":true,"href":"https:\/\/theinvisiblecollection.com\/fr\/wp-json\/wp\/v2\/product_tag?post=91321"},{"taxonomy":"product_designer","embeddable":true,"href":"https:\/\/theinvisiblecollection.com\/fr\/wp-json\/wp\/v2\/product_designer?post=91321"},{"taxonomy":"comfabric","embeddable":true,"href":"https:\/\/theinvisiblecollection.com\/fr\/wp-json\/wp\/v2\/comfabric?post=91321"},{"taxonomy":"manufacturer","embeddable":true,"href":"https:\/\/theinvisiblecollection.com\/fr\/wp-json\/wp\/v2\/manufacturer?post=91321"},{"taxonomy":"reporting_designer","embeddable":true,"href":"https:\/\/theinvisiblecollection.com\/fr\/wp-json\/wp\/v2\/reporting_designer?post=91321"},{"taxonomy":"samplecomfabric","embeddable":true,"href":"https:\/\/theinvisiblecollection.com\/fr\/wp-json\/wp\/v2\/samplecomfabric?post=91321"},{"taxonomy":"clubroom_product_designer","embeddable":true,"href":"https:\/\/theinvisiblecollection.com\/fr\/wp-json\/wp\/v2\/designer_clubroom?post=91321"}],"curies":[{"name":"wp","href":"https:\/\/api.w.org\/{rel}","templated":true}]}}