{"id":92419,"date":"2021-06-05T09:19:22","date_gmt":"2021-06-05T08:19:22","guid":{"rendered":"https:\/\/theinvisiblecollection.com\/?post_type=product&#038;p=92419"},"modified":"2026-05-01T07:39:12","modified_gmt":"2026-05-01T07:39:12","slug":"francesco-balzano-console-swan-3","status":"publish","type":"product","link":"https:\/\/theinvisiblecollection.com\/fr\/produit\/francesco-balzano-console-swan-3\/","title":{"rendered":"Console Swan Marbre"},"content":{"rendered":"<p class=\"p1\" style=\"text-align: justify;\"><span class=\"TextRun SCXW174793642 BCX0\" lang=\"EN-GB\" xml:lang=\"EN-GB\" data-contrast=\"auto\"><span class=\"NormalTextRun SCXW174793642 BCX0\">Swan III\u00a0<\/span><span class=\"NormalTextRun SpellingErrorV2 SCXW174793642 BCX0\">est<\/span><span class=\"NormalTextRun SCXW174793642 BCX0\">\u00a0le\u00a0<\/span><span class=\"NormalTextRun SpellingErrorV2 SCXW174793642 BCX0\">prolongement<\/span><span class=\"NormalTextRun SCXW174793642 BCX0\">\u00a0des deux premi\u00e8res collections Swan I\u00a0<\/span><span class=\"NormalTextRun ContextualSpellingAndGrammarErrorV2 SCXW174793642 BCX0\">et<\/span><span class=\"NormalTextRun SCXW174793642 BCX0\">\u00a0Swan II\u00a0<\/span><span class=\"NormalTextRun SpellingErrorV2 SCXW174793642 BCX0\">con\u00e7us<\/span><span class=\"NormalTextRun SCXW174793642 BCX0\">\u00a0<\/span><span class=\"NormalTextRun SpellingErrorV2 SCXW174793642 BCX0\">en<\/span><span class=\"NormalTextRun SCXW174793642 BCX0\">\u00a0<\/span><span class=\"NormalTextRun SpellingErrorV2 SCXW174793642 BCX0\">hommage<\/span><span class=\"NormalTextRun SCXW174793642 BCX0\">\u00a0au Lac des Cygnes, le ballet de\u00a0<\/span><span class=\"NormalTextRun SpellingErrorV2 SCXW174793642 BCX0\">Tcha\u00efkovski<\/span><span class=\"NormalTextRun SCXW174793642 BCX0\">. Cette\u00a0<\/span><span class=\"NormalTextRun SpellingErrorV2 SCXW174793642 BCX0\">derni\u00e8re<\/span><span class=\"NormalTextRun SCXW174793642 BCX0\">\u00a0version de la collection\u00a0<\/span><span class=\"NormalTextRun SpellingErrorV2 SCXW174793642 BCX0\">est<\/span><span class=\"NormalTextRun SCXW174793642 BCX0\">\u00a0la plus\u00a0<\/span><span class=\"NormalTextRun SpellingErrorV2 SCXW174793642 BCX0\">sophistiqu\u00e9e<\/span><span class=\"NormalTextRun SCXW174793642 BCX0\">\u00a0avec\u00a0<\/span><span class=\"NormalTextRun SpellingErrorV2 SCXW174793642 BCX0 DefaultHighlightTransition\">l\u2019utilisation<\/span><span class=\"NormalTextRun SCXW174793642 BCX0\">\u00a0de mati\u00e8res\u00a0<\/span><span class=\"NormalTextRun SpellingErrorV2 SCXW174793642 BCX0\">rares<\/span><span class=\"NormalTextRun SCXW174793642 BCX0\">\u00a0 et des proportions\u00a0<\/span><span class=\"NormalTextRun SpellingErrorV2 SCXW174793642 BCX0\">spectaculaires<\/span><span class=\"NormalTextRun SCXW174793642 BCX0\">.<\/span><\/span><span class=\"EOP SCXW174793642 BCX0\" data-ccp-props=\"{&quot;201341983&quot;:0,&quot;335559739&quot;:160,&quot;335559740&quot;:259}\">\u00a0<\/span><\/p>\n","protected":false},"excerpt":{"rendered":"<p>\u00c9dition Limit\u00e9e de 12 pi\u00e8ces, sign\u00e9es et num\u00e9rot\u00e9es<br \/>\nConsole en marbre Breccia Aurora<br \/>\n\u00c9galement disponible en <a href=\"https:\/\/theinvisiblecollection.com\/fr\/produit\/francesco-balzano-console-swan-3-onyx\/\" target=\"_blank\" rel=\"noopener\"><span style=\"text-decoration: underline;\">onyx blanc<\/span><\/a><br \/>\nDimensions et mat\u00e9riaux sur-mesure sur demande<\/p>\n<p>L 225 x l 45 x H 84 cm<\/p>\n<p class=\"p1\">Fabriqu\u00e9e \u00e0 la main en France<br \/>\nD\u00e9lais de fabrication : 14 &#8211; 16 semaines<\/p>\n<p class=\"p2\"><span style=\"text-decoration: underline;\"><span class=\"s1\"><a href=\"https:\/\/www.theinvisiblecollection.com\/fr\/demande-de-devis\/?product_id=92419\">Contactez-nous pour toute demande de devis ou de renseignements<\/a><\/span><\/span><\/p>\n","protected":false},"featured_media":108716,"template":"","meta":{"_acf_changed":false,"content-type":"","_themeisle_gutenberg_block_has_review":false},"product_brand":[],"product_cat":[7675,12503],"product_tag":[33319],"product_designer":[9965],"comfabric":[],"manufacturer":[16842],"reporting_designer":[37822],"samplecomfabric":[],"designer_clubroom":[],"class_list":{"0":"post-92419","1":"product","2":"type-product","3":"status-publish","4":"has-post-thumbnail","6":"product_cat-consoles-fr","7":"product_cat-tables-fr","8":"product_tag-edition-limitee","9":"product_designer-francesco-balzano-fr","10":"manufacturer-ateliers-saint-jacques-fonderie-de-coubertin-fr","11":"reporting_designer-francesco-balzano","13":"first","14":"instock","15":"taxable","16":"shipping-taxable","17":"purchasable","18":"product-type-variable"},"acf":[],"_links":{"self":[{"href":"https:\/\/theinvisiblecollection.com\/fr\/wp-json\/wp\/v2\/product\/92419","targetHints":{"allow":["GET"]}}],"collection":[{"href":"https:\/\/theinvisiblecollection.com\/fr\/wp-json\/wp\/v2\/product"}],"about":[{"href":"https:\/\/theinvisiblecollection.com\/fr\/wp-json\/wp\/v2\/types\/product"}],"wp:featuredmedia":[{"embeddable":true,"href":"https:\/\/theinvisiblecollection.com\/fr\/wp-json\/wp\/v2\/media\/108716"}],"wp:attachment":[{"href":"https:\/\/theinvisiblecollection.com\/fr\/wp-json\/wp\/v2\/media?parent=92419"}],"wp:term":[{"taxonomy":"product_brand","embeddable":true,"href":"https:\/\/theinvisiblecollection.com\/fr\/wp-json\/wp\/v2\/product_brand?post=92419"},{"taxonomy":"product_cat","embeddable":true,"href":"https:\/\/theinvisiblecollection.com\/fr\/wp-json\/wp\/v2\/product_cat?post=92419"},{"taxonomy":"product_tag","embeddable":true,"href":"https:\/\/theinvisiblecollection.com\/fr\/wp-json\/wp\/v2\/product_tag?post=92419"},{"taxonomy":"product_designer","embeddable":true,"href":"https:\/\/theinvisiblecollection.com\/fr\/wp-json\/wp\/v2\/product_designer?post=92419"},{"taxonomy":"comfabric","embeddable":true,"href":"https:\/\/theinvisiblecollection.com\/fr\/wp-json\/wp\/v2\/comfabric?post=92419"},{"taxonomy":"manufacturer","embeddable":true,"href":"https:\/\/theinvisiblecollection.com\/fr\/wp-json\/wp\/v2\/manufacturer?post=92419"},{"taxonomy":"reporting_designer","embeddable":true,"href":"https:\/\/theinvisiblecollection.com\/fr\/wp-json\/wp\/v2\/reporting_designer?post=92419"},{"taxonomy":"samplecomfabric","embeddable":true,"href":"https:\/\/theinvisiblecollection.com\/fr\/wp-json\/wp\/v2\/samplecomfabric?post=92419"},{"taxonomy":"clubroom_product_designer","embeddable":true,"href":"https:\/\/theinvisiblecollection.com\/fr\/wp-json\/wp\/v2\/designer_clubroom?post=92419"}],"curies":[{"name":"wp","href":"https:\/\/api.w.org\/{rel}","templated":true}]}}