{"id":92451,"date":"2021-07-28T11:44:11","date_gmt":"2021-07-28T10:44:11","guid":{"rendered":"https:\/\/theinvisiblecollection.com\/?post_type=product&#038;p=92451"},"modified":"2026-05-01T07:39:12","modified_gmt":"2026-05-01T07:39:12","slug":"francesco-balzano-console-murano-cuir","status":"publish","type":"product","link":"https:\/\/theinvisiblecollection.com\/fr\/produit\/francesco-balzano-console-murano-cuir\/","title":{"rendered":"Console Murano Cuir"},"content":{"rendered":"<p class=\"p1\" style=\"text-align: justify;\">La collection Murano en cuir est le prolongement et une variation de la collection d\u00e9j\u00e0 repr\u00e9sent\u00e9e en r\u00e9sine par The Invisible Collection. Cette d\u00e9clinaison dans des tons terre et mer rend hommage \u00e0 la noblesse du verre v\u00e9nitien, aux couleurs de la lagune et \u00e0 l\u2019\u00eele de Murano.<\/p>\n","protected":false},"excerpt":{"rendered":"<p><em>\u00c9dition limit\u00e9e de 12 pi\u00e8ces, sign\u00e9es et num\u00e9rot\u00e9es<\/em><br \/>\nConsole en cuir naturel kaki<br \/>\n\u00c9galement disponible en cuir naturel orange<br \/>\nDimensions et coloris sur-mesure sur demande<\/p>\n<p>L 150 x l 45 x H 85 cm<\/p>\n<p>Fabriqu\u00e9e \u00e0 la main en France<br \/>\nD\u00e9lais de fabrication : 12 &#8211; 14 semaines<\/p>\n<p class=\"p1\"><span style=\"text-decoration: underline;\"><span class=\"s1\"><a href=\"https:\/\/www.theinvisiblecollection.com\/fr\/demande-de-devis\/?product_id=92451\" target=\"_blank\" rel=\"noopener\">Contactez-nous pour toute demande de devis ou de renseignements<\/a><\/span><\/span><\/p>\n","protected":false},"featured_media":108722,"template":"","meta":{"_acf_changed":false,"content-type":"","_themeisle_gutenberg_block_has_review":false},"product_brand":[],"product_cat":[7675,12503],"product_tag":[9423,9670,9959,10070,10255,33319],"product_designer":[9965],"comfabric":[],"manufacturer":[16842],"reporting_designer":[37822],"samplecomfabric":[],"designer_clubroom":[],"class_list":{"0":"post-92451","1":"product","2":"type-product","3":"status-publish","4":"has-post-thumbnail","6":"product_cat-consoles-fr","7":"product_cat-tables-fr","8":"product_tag-storage","9":"product_tag-console-fr-fr","10":"product_tag-francesco-balzano-fr","11":"product_tag-balzano-fr","12":"product_tag-salon-fr-4","13":"product_tag-edition-limitee","14":"pa_material-cuir-kaki-fr","15":"pa_material-cuir-orange-fr","16":"product_designer-francesco-balzano-fr","17":"manufacturer-ateliers-saint-jacques-fonderie-de-coubertin-fr","18":"reporting_designer-francesco-balzano","20":"first","21":"instock","22":"taxable","23":"shipping-taxable","24":"purchasable","25":"product-type-variable"},"acf":[],"_links":{"self":[{"href":"https:\/\/theinvisiblecollection.com\/fr\/wp-json\/wp\/v2\/product\/92451","targetHints":{"allow":["GET"]}}],"collection":[{"href":"https:\/\/theinvisiblecollection.com\/fr\/wp-json\/wp\/v2\/product"}],"about":[{"href":"https:\/\/theinvisiblecollection.com\/fr\/wp-json\/wp\/v2\/types\/product"}],"wp:featuredmedia":[{"embeddable":true,"href":"https:\/\/theinvisiblecollection.com\/fr\/wp-json\/wp\/v2\/media\/108722"}],"wp:attachment":[{"href":"https:\/\/theinvisiblecollection.com\/fr\/wp-json\/wp\/v2\/media?parent=92451"}],"wp:term":[{"taxonomy":"product_brand","embeddable":true,"href":"https:\/\/theinvisiblecollection.com\/fr\/wp-json\/wp\/v2\/product_brand?post=92451"},{"taxonomy":"product_cat","embeddable":true,"href":"https:\/\/theinvisiblecollection.com\/fr\/wp-json\/wp\/v2\/product_cat?post=92451"},{"taxonomy":"product_tag","embeddable":true,"href":"https:\/\/theinvisiblecollection.com\/fr\/wp-json\/wp\/v2\/product_tag?post=92451"},{"taxonomy":"product_designer","embeddable":true,"href":"https:\/\/theinvisiblecollection.com\/fr\/wp-json\/wp\/v2\/product_designer?post=92451"},{"taxonomy":"comfabric","embeddable":true,"href":"https:\/\/theinvisiblecollection.com\/fr\/wp-json\/wp\/v2\/comfabric?post=92451"},{"taxonomy":"manufacturer","embeddable":true,"href":"https:\/\/theinvisiblecollection.com\/fr\/wp-json\/wp\/v2\/manufacturer?post=92451"},{"taxonomy":"reporting_designer","embeddable":true,"href":"https:\/\/theinvisiblecollection.com\/fr\/wp-json\/wp\/v2\/reporting_designer?post=92451"},{"taxonomy":"samplecomfabric","embeddable":true,"href":"https:\/\/theinvisiblecollection.com\/fr\/wp-json\/wp\/v2\/samplecomfabric?post=92451"},{"taxonomy":"clubroom_product_designer","embeddable":true,"href":"https:\/\/theinvisiblecollection.com\/fr\/wp-json\/wp\/v2\/designer_clubroom?post=92451"}],"curies":[{"name":"wp","href":"https:\/\/api.w.org\/{rel}","templated":true}]}}