{"id":93195,"date":"2021-08-09T10:00:23","date_gmt":"2021-08-09T09:00:23","guid":{"rendered":"https:\/\/theinvisiblecollection.com\/?post_type=product&#038;p=93195"},"modified":"2026-05-01T07:39:12","modified_gmt":"2026-05-01T07:39:12","slug":"juliana-lima-vasconcellos-fauteuil-galho","status":"publish","type":"product","link":"https:\/\/theinvisiblecollection.com\/fr\/produit\/juliana-lima-vasconcellos-fauteuil-galho\/","title":{"rendered":"Fauteuil Galho"},"content":{"rendered":"<p style=\"text-align: justify;\">Un fauteuil magnifique avec des lignes simples et harmonieuses inspir\u00e9es par la nature, des textures un peu rugueuses, des branches de bronze et leurs \u00e9pines, une assise constitu\u00e9e de deux coussins recouverts de cuir inspir\u00e9s par la forme de pierres.<\/p>\n","protected":false},"excerpt":{"rendered":"<p>\u00c9dition limit\u00e9e de 10 pi\u00e8ces et 4 \u00e9preuves d&#8217;artiste<br \/>\nFauteuil tapiss\u00e9 ici en tissu boucl\u00e9 Quaker Nubby, couleur lin<br \/>\nStructure en bronze patin\u00e9 coul\u00e9 avec de fins d\u00e9tails de branches<br \/>\n<a href=\"https:\/\/theinvisiblecollection.com\/wp-content\/uploads\/2022\/11\/TheInvisibleCollection_JulianaLimaVasconcellos_FabricSelection_GalhoChair-1.pdf\" target=\"_blank\" rel=\"noopener\"><span style=\"text-decoration: underline;\">D\u00e9couvrez la s\u00e9lection de tissus ici<\/span><\/a><br \/>\nTissus sur-mesure sur demande<\/p>\n<p>L 100 x l 80 x H 77 cm<br \/>\nHauteur d&#8217;assise : 47 cm<br \/>\nTissu requis : 4.5 m<\/p>\n<p>Fabriqu\u00e9 \u00e0 la main au Br\u00e9sil<br \/>\nD\u00e9lais de production : 8 &#8211; 10 semaines<\/p>\n<p><span style=\"text-decoration: underline;\"><span class=\"s1\"><a href=\"https:\/\/www.theinvisiblecollection.com\/fr\/demande-de-devis\/?product_id=93195\" target=\"_blank\" rel=\"noopener\">Contactez-nous pour toute demande de devis ou de renseignements<\/a><\/span><\/span><\/p>\n","protected":false},"featured_media":94733,"template":"","meta":{"_acf_changed":false,"content-type":"","_themeisle_gutenberg_block_has_review":false},"product_brand":[],"product_cat":[8945,12499],"product_tag":[14926,33319,35206],"product_designer":[13829],"comfabric":[29560],"manufacturer":[16928],"reporting_designer":[37238],"samplecomfabric":[29936],"designer_clubroom":[],"class_list":{"0":"post-93195","1":"product","2":"type-product","3":"status-publish","4":"has-post-thumbnail","6":"product_cat-fauteuils","7":"product_cat-assises","8":"product_tag-hplstfav-fr","9":"product_tag-edition-limitee","10":"product_tag-exclusive-fr","11":"product_designer-juliana-lima-vasconcellos-fr","12":"comfabric-juliana-lima-vasconcellos-atelier-fr","13":"manufacturer-juliana-lima-vasconcellos-fr","14":"reporting_designer-juliana-lima-vasconcellos","15":"samplecomfabric-juliana-lima-vasconcellos-fr","17":"first","18":"instock","19":"taxable","20":"shipping-taxable","21":"purchasable","22":"product-type-variable"},"acf":[],"_links":{"self":[{"href":"https:\/\/theinvisiblecollection.com\/fr\/wp-json\/wp\/v2\/product\/93195","targetHints":{"allow":["GET"]}}],"collection":[{"href":"https:\/\/theinvisiblecollection.com\/fr\/wp-json\/wp\/v2\/product"}],"about":[{"href":"https:\/\/theinvisiblecollection.com\/fr\/wp-json\/wp\/v2\/types\/product"}],"wp:featuredmedia":[{"embeddable":true,"href":"https:\/\/theinvisiblecollection.com\/fr\/wp-json\/wp\/v2\/media\/94733"}],"wp:attachment":[{"href":"https:\/\/theinvisiblecollection.com\/fr\/wp-json\/wp\/v2\/media?parent=93195"}],"wp:term":[{"taxonomy":"product_brand","embeddable":true,"href":"https:\/\/theinvisiblecollection.com\/fr\/wp-json\/wp\/v2\/product_brand?post=93195"},{"taxonomy":"product_cat","embeddable":true,"href":"https:\/\/theinvisiblecollection.com\/fr\/wp-json\/wp\/v2\/product_cat?post=93195"},{"taxonomy":"product_tag","embeddable":true,"href":"https:\/\/theinvisiblecollection.com\/fr\/wp-json\/wp\/v2\/product_tag?post=93195"},{"taxonomy":"product_designer","embeddable":true,"href":"https:\/\/theinvisiblecollection.com\/fr\/wp-json\/wp\/v2\/product_designer?post=93195"},{"taxonomy":"comfabric","embeddable":true,"href":"https:\/\/theinvisiblecollection.com\/fr\/wp-json\/wp\/v2\/comfabric?post=93195"},{"taxonomy":"manufacturer","embeddable":true,"href":"https:\/\/theinvisiblecollection.com\/fr\/wp-json\/wp\/v2\/manufacturer?post=93195"},{"taxonomy":"reporting_designer","embeddable":true,"href":"https:\/\/theinvisiblecollection.com\/fr\/wp-json\/wp\/v2\/reporting_designer?post=93195"},{"taxonomy":"samplecomfabric","embeddable":true,"href":"https:\/\/theinvisiblecollection.com\/fr\/wp-json\/wp\/v2\/samplecomfabric?post=93195"},{"taxonomy":"clubroom_product_designer","embeddable":true,"href":"https:\/\/theinvisiblecollection.com\/fr\/wp-json\/wp\/v2\/designer_clubroom?post=93195"}],"curies":[{"name":"wp","href":"https:\/\/api.w.org\/{rel}","templated":true}]}}