{"id":94075,"date":"2021-05-06T10:00:16","date_gmt":"2021-05-06T09:00:16","guid":{"rendered":"https:\/\/theinvisiblecollection.com\/?post_type=product&#038;p=94075"},"modified":"2026-05-08T04:40:24","modified_gmt":"2026-05-08T04:40:24","slug":"sandra-benhamou-canape-mia","status":"publish","type":"product","link":"https:\/\/theinvisiblecollection.com\/fr\/produit\/sandra-benhamou-canape-mia\/","title":{"rendered":"Canap\u00e9 Mia"},"content":{"rendered":"<p style=\"text-align: justify;\">La collection Ginger est inspir\u00e9e de l\u2019Am\u00e9rique des ann\u00e9es 70. L\u2019Am\u00e9rique \u00e9lectrique des films de Martin Scorsese, celle de la d\u00e9bauche flamboyante du studio 54, du Las Vegas des arri\u00e8re-salles o\u00f9 mafieux, artistes et hommes politiques partagent leurs secrets. Ginger, c\u2019est Sharon Stone dans Casino: extravagante, indomptable, incandescente. La collection recr\u00e9e l\u2019\u00e9l\u00e9gance d\u2019un bar de cette \u00e9poque. Un luxe \u00e0 la fois extr\u00eame et feutr\u00e9, aux fronti\u00e8res de la d\u00e9cadence. Inox et laiton, verre, miroir, laque brillante et velours: Ginger r\u00e9invente des formes et des mati\u00e8res avec une \u00e9l\u00e9gance intemporelle. Chaque cr\u00e9ation est fabriqu\u00e9e \u00e0 la main par des ma\u00eetres artisans fran\u00e7ais, en petite s\u00e9rie.<\/p>\n","protected":false},"excerpt":{"rendered":"<p>Canap\u00e9 avec une ossature en placage inox poli<br \/>\nAssise matelass\u00e9e et traversins en velours avec surpiqures rectilignes<br \/>\nTapiss\u00e9 en tissu Pierre Frey Teddy Mohair (Cr\u00e8me 002)<br \/>\n<span style=\"text-decoration: underline;\"><a href=\"https:\/\/theinvisiblecollection.com\/wp-content\/uploads\/2021\/08\/TheInvisibleCollection_Sandra_Benhamou_Samples_Mia_Sofa.pdf\" target=\"_blank\" rel=\"noopener\">D\u00e9couvrez la s\u00e9lection de tissus ici<\/a><\/span><br \/>\nTissus sur-mesure sur demande<\/p>\n<p>L 243 x P 80 x H 71 cm<br \/>\nHauteur d&#8217;assise : 40 cm<br \/>\nTissu requis : 14 m<\/p>\n<p>Fabriqu\u00e9 a la main en France<br \/>\nD\u00e9lais de production : 10 &#8211; 12 semaines<\/p>\n<p><span style=\"text-decoration: underline;\"><a href=\"https:\/\/www.theinvisiblecollection.com\/fr\/demande-de-devis\/?product_id=94075\" target=\"_blank\" rel=\"noopener noreferrer\">Contactez-nous pour toute demande de devis ou de renseignements<\/a><\/span><\/p>\n","protected":false},"featured_media":94070,"template":"","meta":{"_acf_changed":false,"content-type":"","_themeisle_gutenberg_block_has_review":false},"product_brand":[],"product_cat":[8976],"product_tag":[8858,10255],"product_designer":[12409],"comfabric":[28764],"manufacturer":[20817],"reporting_designer":[37396],"samplecomfabric":[30884],"designer_clubroom":[],"class_list":{"0":"post-94075","1":"product","2":"type-product","3":"status-publish","4":"has-post-thumbnail","6":"product_cat-canapes","7":"product_tag-chambre-fr-3","8":"product_tag-salon-fr-4","9":"product_designer-sandra-benhamou-fr","10":"comfabric-sandra-benhamou-atelier-oxeti-fr","11":"manufacturer-sandra-benhamou-atelier-equinox-fr","12":"reporting_designer-sandra-benhamou","13":"samplecomfabric-sandra-benhamou-atelier-oxeti-fr","15":"first","16":"instock","17":"taxable","18":"shipping-taxable","19":"purchasable","20":"product-type-variable"},"acf":[],"_links":{"self":[{"href":"https:\/\/theinvisiblecollection.com\/fr\/wp-json\/wp\/v2\/product\/94075","targetHints":{"allow":["GET"]}}],"collection":[{"href":"https:\/\/theinvisiblecollection.com\/fr\/wp-json\/wp\/v2\/product"}],"about":[{"href":"https:\/\/theinvisiblecollection.com\/fr\/wp-json\/wp\/v2\/types\/product"}],"wp:featuredmedia":[{"embeddable":true,"href":"https:\/\/theinvisiblecollection.com\/fr\/wp-json\/wp\/v2\/media\/94070"}],"wp:attachment":[{"href":"https:\/\/theinvisiblecollection.com\/fr\/wp-json\/wp\/v2\/media?parent=94075"}],"wp:term":[{"taxonomy":"product_brand","embeddable":true,"href":"https:\/\/theinvisiblecollection.com\/fr\/wp-json\/wp\/v2\/product_brand?post=94075"},{"taxonomy":"product_cat","embeddable":true,"href":"https:\/\/theinvisiblecollection.com\/fr\/wp-json\/wp\/v2\/product_cat?post=94075"},{"taxonomy":"product_tag","embeddable":true,"href":"https:\/\/theinvisiblecollection.com\/fr\/wp-json\/wp\/v2\/product_tag?post=94075"},{"taxonomy":"product_designer","embeddable":true,"href":"https:\/\/theinvisiblecollection.com\/fr\/wp-json\/wp\/v2\/product_designer?post=94075"},{"taxonomy":"comfabric","embeddable":true,"href":"https:\/\/theinvisiblecollection.com\/fr\/wp-json\/wp\/v2\/comfabric?post=94075"},{"taxonomy":"manufacturer","embeddable":true,"href":"https:\/\/theinvisiblecollection.com\/fr\/wp-json\/wp\/v2\/manufacturer?post=94075"},{"taxonomy":"reporting_designer","embeddable":true,"href":"https:\/\/theinvisiblecollection.com\/fr\/wp-json\/wp\/v2\/reporting_designer?post=94075"},{"taxonomy":"samplecomfabric","embeddable":true,"href":"https:\/\/theinvisiblecollection.com\/fr\/wp-json\/wp\/v2\/samplecomfabric?post=94075"},{"taxonomy":"clubroom_product_designer","embeddable":true,"href":"https:\/\/theinvisiblecollection.com\/fr\/wp-json\/wp\/v2\/designer_clubroom?post=94075"}],"curies":[{"name":"wp","href":"https:\/\/api.w.org\/{rel}","templated":true}]}}