{"id":94961,"date":"2021-06-16T11:36:14","date_gmt":"2021-06-16T10:36:14","guid":{"rendered":"https:\/\/theinvisiblecollection.com\/?post_type=product&#038;p=94961"},"modified":"2026-05-01T07:39:12","modified_gmt":"2026-05-01T07:39:12","slug":"laura-gonzalez-chaise-mawu-boucle","status":"publish","type":"product","link":"https:\/\/theinvisiblecollection.com\/fr\/produit\/laura-gonzalez-chaise-mawu-boucle\/","title":{"rendered":"Chaise Mawu Boucl\u00e9"},"content":{"rendered":"","protected":false},"excerpt":{"rendered":"<p>\u00c9dition sp\u00e9ciale Dedar x The Invisible Collection<br \/>\nChaise tapiss\u00e9e ici en tissu boucl\u00e9 Nimbus Nude de Dedar<br \/>\nPieds \u00e9vas\u00e9s en ch\u00eane dor\u00e9, finition satin\u00e9e<br \/>\n\u00c9galement disponible en ch\u00eane fonc\u00e9<br \/>\n<a href=\"https:\/\/theinvisiblecollection.com\/wp-content\/uploads\/2022\/03\/TheInvisibleCollection_Laura_Gonzalez_Mawu_Chair_Wood_Selection.pdf\" target=\"_blank\" rel=\"noopener\"><span style=\"text-decoration: underline;\">D\u00e9couvrez la s\u00e9lection de bois ici<\/span><\/a><br \/>\nBois, finitions et tissus sur mesure sur demande<\/p>\n<p>L 46 x l 50 x H 90 cm<br \/>\nHauteur d&#8217;assise : 47 cm<br \/>\nProfondeur d&#8217;assise : 43 cm<br \/>\nTissu requis : 1.3 m<\/p>\n<p>Fabriqu\u00e9e \u00e0 la main en France<br \/>\nD\u00e9lais de fabrication : 12 &#8211; 14 semaines<\/p>\n<p><span style=\"text-decoration: underline;\"><a href=\"https:\/\/www.theinvisiblecollection.com\/fr\/demande-de-devis\/?product_id=94961\" target=\"_blank\" rel=\"noopener noreferrer\">Contactez-nous pour toute demande de devis ou de renseignements<\/a><\/span><\/p>\n","protected":false},"featured_media":117722,"template":"","meta":{"_acf_changed":false,"content-type":"","_themeisle_gutenberg_block_has_review":false},"product_brand":[],"product_cat":[8962,13076],"product_tag":[31477],"product_designer":[10956],"comfabric":[29426],"manufacturer":[16912],"reporting_designer":[37574],"samplecomfabric":[31100],"designer_clubroom":[],"class_list":{"0":"post-94961","1":"product","2":"type-product","3":"status-publish","4":"has-post-thumbnail","6":"product_cat-chaises","7":"product_cat-bureau-a-la-maison","8":"product_tag-st-curvy-fr","9":"product_designer-laura-gonzalez-fr","10":"comfabric-laura-gonzalez-fr","11":"manufacturer-premier-logistics-art-interiors-fr","12":"reporting_designer-laura-gonzalez","13":"samplecomfabric-laura-gonzalez-fr","15":"first","16":"instock","17":"taxable","18":"shipping-taxable","19":"purchasable","20":"product-type-variable"},"acf":[],"_links":{"self":[{"href":"https:\/\/theinvisiblecollection.com\/fr\/wp-json\/wp\/v2\/product\/94961","targetHints":{"allow":["GET"]}}],"collection":[{"href":"https:\/\/theinvisiblecollection.com\/fr\/wp-json\/wp\/v2\/product"}],"about":[{"href":"https:\/\/theinvisiblecollection.com\/fr\/wp-json\/wp\/v2\/types\/product"}],"wp:featuredmedia":[{"embeddable":true,"href":"https:\/\/theinvisiblecollection.com\/fr\/wp-json\/wp\/v2\/media\/117722"}],"wp:attachment":[{"href":"https:\/\/theinvisiblecollection.com\/fr\/wp-json\/wp\/v2\/media?parent=94961"}],"wp:term":[{"taxonomy":"product_brand","embeddable":true,"href":"https:\/\/theinvisiblecollection.com\/fr\/wp-json\/wp\/v2\/product_brand?post=94961"},{"taxonomy":"product_cat","embeddable":true,"href":"https:\/\/theinvisiblecollection.com\/fr\/wp-json\/wp\/v2\/product_cat?post=94961"},{"taxonomy":"product_tag","embeddable":true,"href":"https:\/\/theinvisiblecollection.com\/fr\/wp-json\/wp\/v2\/product_tag?post=94961"},{"taxonomy":"product_designer","embeddable":true,"href":"https:\/\/theinvisiblecollection.com\/fr\/wp-json\/wp\/v2\/product_designer?post=94961"},{"taxonomy":"comfabric","embeddable":true,"href":"https:\/\/theinvisiblecollection.com\/fr\/wp-json\/wp\/v2\/comfabric?post=94961"},{"taxonomy":"manufacturer","embeddable":true,"href":"https:\/\/theinvisiblecollection.com\/fr\/wp-json\/wp\/v2\/manufacturer?post=94961"},{"taxonomy":"reporting_designer","embeddable":true,"href":"https:\/\/theinvisiblecollection.com\/fr\/wp-json\/wp\/v2\/reporting_designer?post=94961"},{"taxonomy":"samplecomfabric","embeddable":true,"href":"https:\/\/theinvisiblecollection.com\/fr\/wp-json\/wp\/v2\/samplecomfabric?post=94961"},{"taxonomy":"clubroom_product_designer","embeddable":true,"href":"https:\/\/theinvisiblecollection.com\/fr\/wp-json\/wp\/v2\/designer_clubroom?post=94961"}],"curies":[{"name":"wp","href":"https:\/\/api.w.org\/{rel}","templated":true}]}}