{"id":95811,"date":"2023-04-06T10:50:00","date_gmt":"2023-04-06T09:50:00","guid":{"rendered":"https:\/\/theinvisiblecollection.com\/?post_type=product&#038;p=95811"},"modified":"2026-05-08T04:40:24","modified_gmt":"2026-05-08T04:40:24","slug":"objekti-vase-sprouts-vert","status":"publish","type":"product","link":"https:\/\/theinvisiblecollection.com\/fr\/produit\/objekti-vase-sprouts-vert\/","title":{"rendered":"Vase Sprouts Vert"},"content":{"rendered":"<p class=\"p1\" style=\"text-align: justify;\">Un chef d&#8217;oeuvre et une pi\u00e8ce de collection. Le couvercle comporte 27 c\u00f4nes faits \u00e0 la main avec les d\u00e9tails sophistiqu\u00e9s. Il faut environ un mois pour cr\u00e9er ce vase, jusqu\u2019\u00e0 ce que chacune des 100 pousses soient parfaitement appliqu\u00e9es.<\/p>\n","protected":false},"excerpt":{"rendered":"<p>Vase en argile sculpt\u00e9 \u00e0 la main<br \/>\nCouleur : vert \u00e9maill\u00e9<br \/>\nChaque pi\u00e8ce est unique en raison de sa nature artisanale, les formes et les teintes varient l\u00e9g\u00e8rement<br \/>\nCouleurs sur-mesure sur demande<\/p>\n<p>L 37 x H 73 cm<\/p>\n<p><p class=\"p1\">Fabriqu\u00e9 \u00e0 la main au Mexique<br \/>\nD\u00e9lais de production : 16 &#8211; 20 semaines<\/p>\n<p class=\"p2\"><span style=\"text-decoration: underline;\"><span class=\"s1\"><a href=\"https:\/\/www.theinvisiblecollection.com\/fr\/demande-de-devis\/?product_id=95811\" target=\"_blank\" rel=\"noopener\">Contactez-nous pour toute demande de devis ou de renseignements<\/a><\/span><\/span><\/p><\/p>\n","protected":false},"featured_media":95810,"template":"","meta":{"_acf_changed":false,"content-type":"","_themeisle_gutenberg_block_has_review":false},"product_brand":[],"product_cat":[7517,12531,16319],"product_tag":[31477,14844,14925,31476],"product_designer":[13933],"comfabric":[],"manufacturer":[16735],"reporting_designer":[37322],"samplecomfabric":[],"designer_clubroom":[],"class_list":{"0":"post-95811","1":"product","2":"type-product","3":"status-publish","4":"has-post-thumbnail","6":"product_cat-deco-fr","7":"product_cat-objets-de-decoration","8":"product_cat-cartes-cadeaux","9":"product_tag-st-curvy-fr","10":"product_tag-hpsa-fr","11":"product_tag-hpfav-fr","12":"product_tag-st-collectible-fr","13":"product_designer-objekti-fr","14":"manufacturer-objekti-fr","15":"reporting_designer-objekti","17":"first","18":"instock","19":"taxable","20":"shipping-taxable","21":"purchasable","22":"product-type-simple"},"acf":[],"_links":{"self":[{"href":"https:\/\/theinvisiblecollection.com\/fr\/wp-json\/wp\/v2\/product\/95811","targetHints":{"allow":["GET"]}}],"collection":[{"href":"https:\/\/theinvisiblecollection.com\/fr\/wp-json\/wp\/v2\/product"}],"about":[{"href":"https:\/\/theinvisiblecollection.com\/fr\/wp-json\/wp\/v2\/types\/product"}],"wp:featuredmedia":[{"embeddable":true,"href":"https:\/\/theinvisiblecollection.com\/fr\/wp-json\/wp\/v2\/media\/95810"}],"wp:attachment":[{"href":"https:\/\/theinvisiblecollection.com\/fr\/wp-json\/wp\/v2\/media?parent=95811"}],"wp:term":[{"taxonomy":"product_brand","embeddable":true,"href":"https:\/\/theinvisiblecollection.com\/fr\/wp-json\/wp\/v2\/product_brand?post=95811"},{"taxonomy":"product_cat","embeddable":true,"href":"https:\/\/theinvisiblecollection.com\/fr\/wp-json\/wp\/v2\/product_cat?post=95811"},{"taxonomy":"product_tag","embeddable":true,"href":"https:\/\/theinvisiblecollection.com\/fr\/wp-json\/wp\/v2\/product_tag?post=95811"},{"taxonomy":"product_designer","embeddable":true,"href":"https:\/\/theinvisiblecollection.com\/fr\/wp-json\/wp\/v2\/product_designer?post=95811"},{"taxonomy":"comfabric","embeddable":true,"href":"https:\/\/theinvisiblecollection.com\/fr\/wp-json\/wp\/v2\/comfabric?post=95811"},{"taxonomy":"manufacturer","embeddable":true,"href":"https:\/\/theinvisiblecollection.com\/fr\/wp-json\/wp\/v2\/manufacturer?post=95811"},{"taxonomy":"reporting_designer","embeddable":true,"href":"https:\/\/theinvisiblecollection.com\/fr\/wp-json\/wp\/v2\/reporting_designer?post=95811"},{"taxonomy":"samplecomfabric","embeddable":true,"href":"https:\/\/theinvisiblecollection.com\/fr\/wp-json\/wp\/v2\/samplecomfabric?post=95811"},{"taxonomy":"clubroom_product_designer","embeddable":true,"href":"https:\/\/theinvisiblecollection.com\/fr\/wp-json\/wp\/v2\/designer_clubroom?post=95811"}],"curies":[{"name":"wp","href":"https:\/\/api.w.org\/{rel}","templated":true}]}}