{"id":95819,"date":"2021-08-30T10:00:00","date_gmt":"2021-08-30T09:00:00","guid":{"rendered":"https:\/\/theinvisiblecollection.com\/?post_type=product&#038;p=95819"},"modified":"2026-05-08T04:40:24","modified_gmt":"2026-05-08T04:40:24","slug":"objekti-pin-roses-epices","status":"publish","type":"product","link":"https:\/\/theinvisiblecollection.com\/fr\/produit\/objekti-pin-roses-epices\/","title":{"rendered":"Vase Rose \u00c9pice"},"content":{"rendered":"<p class=\"p1\" style=\"text-align: justify;\">Un chef-d&#8217;\u0153uvre\u00a0bicolore. Le\u00a0couvercle\u00a0comprend\u00a0plus de 30\u00a0c\u00f4nes\u00a0faits \u00e0 la main. Il faut environ un mois pour cr\u00e9er le vase avec plus de 100 boutons de rose qui sont fa\u00e7onn\u00e9s et appliqu\u00e9s un par un.<span class=\"Apple-converted-space\">\u00a0<\/span><\/p>\n","protected":false},"excerpt":{"rendered":"<p><p>Vase en argile sculpt\u00e9 \u00e0 la main<br \/>Couleur : rose \u00e9pice \u00e9maill\u00e9<br \/>Chaque pi\u00e8ce est unique en raison de sa nature artisanale, les formes et les teintes varient l\u00e9g\u00e8rement<br \/>Couleurs sur-mesure sur demande<\/p>\n<\/p>\n<p>L 46 x H 82 cm<\/p>\n<p><p class=\"p1\">Fabriqu\u00e9 \u00e0 la main au Mexique<br \/>\nD\u00e9lais de production : 16 &#8211; 20 semaines<\/p>\n<p class=\"p2\"><span style=\"text-decoration: underline;\"><span class=\"s1\"><a href=\"https:\/\/www.theinvisiblecollection.com\/fr\/demande-de-devis\/?product_id=95819\" target=\"_blank\" rel=\"noopener\">Contactez-nous pour toute demande de devis ou de renseignements<\/a><\/span><\/span><\/p><\/p>\n","protected":false},"featured_media":95784,"template":"","meta":{"_acf_changed":false,"content-type":"","_themeisle_gutenberg_block_has_review":false},"product_brand":[],"product_cat":[7517,12531,16319],"product_tag":[14844,31476,31477],"product_designer":[13933],"comfabric":[],"manufacturer":[16735],"reporting_designer":[37322],"samplecomfabric":[],"designer_clubroom":[],"class_list":{"0":"post-95819","1":"product","2":"type-product","3":"status-publish","4":"has-post-thumbnail","6":"product_cat-deco-fr","7":"product_cat-objets-de-decoration","8":"product_cat-cartes-cadeaux","9":"product_tag-hpsa-fr","10":"product_tag-st-collectible-fr","11":"product_tag-st-curvy-fr","12":"product_designer-objekti-fr","13":"manufacturer-objekti-fr","14":"reporting_designer-objekti","16":"first","17":"instock","18":"taxable","19":"shipping-taxable","20":"purchasable","21":"product-type-simple"},"acf":[],"_links":{"self":[{"href":"https:\/\/theinvisiblecollection.com\/fr\/wp-json\/wp\/v2\/product\/95819","targetHints":{"allow":["GET"]}}],"collection":[{"href":"https:\/\/theinvisiblecollection.com\/fr\/wp-json\/wp\/v2\/product"}],"about":[{"href":"https:\/\/theinvisiblecollection.com\/fr\/wp-json\/wp\/v2\/types\/product"}],"wp:featuredmedia":[{"embeddable":true,"href":"https:\/\/theinvisiblecollection.com\/fr\/wp-json\/wp\/v2\/media\/95784"}],"wp:attachment":[{"href":"https:\/\/theinvisiblecollection.com\/fr\/wp-json\/wp\/v2\/media?parent=95819"}],"wp:term":[{"taxonomy":"product_brand","embeddable":true,"href":"https:\/\/theinvisiblecollection.com\/fr\/wp-json\/wp\/v2\/product_brand?post=95819"},{"taxonomy":"product_cat","embeddable":true,"href":"https:\/\/theinvisiblecollection.com\/fr\/wp-json\/wp\/v2\/product_cat?post=95819"},{"taxonomy":"product_tag","embeddable":true,"href":"https:\/\/theinvisiblecollection.com\/fr\/wp-json\/wp\/v2\/product_tag?post=95819"},{"taxonomy":"product_designer","embeddable":true,"href":"https:\/\/theinvisiblecollection.com\/fr\/wp-json\/wp\/v2\/product_designer?post=95819"},{"taxonomy":"comfabric","embeddable":true,"href":"https:\/\/theinvisiblecollection.com\/fr\/wp-json\/wp\/v2\/comfabric?post=95819"},{"taxonomy":"manufacturer","embeddable":true,"href":"https:\/\/theinvisiblecollection.com\/fr\/wp-json\/wp\/v2\/manufacturer?post=95819"},{"taxonomy":"reporting_designer","embeddable":true,"href":"https:\/\/theinvisiblecollection.com\/fr\/wp-json\/wp\/v2\/reporting_designer?post=95819"},{"taxonomy":"samplecomfabric","embeddable":true,"href":"https:\/\/theinvisiblecollection.com\/fr\/wp-json\/wp\/v2\/samplecomfabric?post=95819"},{"taxonomy":"clubroom_product_designer","embeddable":true,"href":"https:\/\/theinvisiblecollection.com\/fr\/wp-json\/wp\/v2\/designer_clubroom?post=95819"}],"curies":[{"name":"wp","href":"https:\/\/api.w.org\/{rel}","templated":true}]}}