{"id":95824,"date":"2021-08-30T10:00:00","date_gmt":"2021-08-30T09:00:00","guid":{"rendered":"https:\/\/theinvisiblecollection.com\/?post_type=product&#038;p=95824"},"modified":"2026-05-01T07:39:12","modified_gmt":"2026-05-01T07:39:12","slug":"objekti-vase-bleu-metallique","status":"publish","type":"product","link":"https:\/\/theinvisiblecollection.com\/fr\/produit\/objekti-vase-bleu-metallique\/","title":{"rendered":"Vase Bleu M\u00e9tallique"},"content":{"rendered":"<p style=\"text-align: justify;\" data-mce-style=\"text-align: justify;\">\u00c9l\u00e9gant et sophistiqu\u00e9, ce vase s\u2019int\u00e8gre aussi bien dans les maisons classiques que contemporaines avec son esth\u00e9tique intemporelle.<\/p>\n","protected":false},"excerpt":{"rendered":"<p><p>Vase en argile sculpt\u00e9 \u00e0 la main<br \/>Couleur : bleu m\u00e9tallique \u00e9maill\u00e9<br \/>Chaque pi\u00e8ce est unique en raison de sa nature artisanale, les formes et les teintes varient l\u00e9g\u00e8rement<br \/>Couleurs sur-mesure sur demande<\/p>\n<\/p>\n<p>L 36 x H 103 cm<\/p>\n<p><p class=\"p1\">Fabriqu\u00e9 \u00e0 la main au Mexique<br \/>\nD\u00e9lais de production : 16 &#8211; 20 semaines<\/p>\n<p class=\"p2\"><span style=\"text-decoration: underline;\"><span class=\"s1\"><a href=\"https:\/\/www.theinvisiblecollection.com\/fr\/demande-de-devis\/?product_id=95824\" target=\"_blank\" rel=\"noopener\">Contactez-nous pour toute demande de devis ou de renseignements<\/a><\/span><\/span><\/p><\/p>\n","protected":false},"featured_media":95875,"template":"","meta":{"_acf_changed":false,"content-type":"","_themeisle_gutenberg_block_has_review":false},"product_brand":[],"product_cat":[7517,12531],"product_tag":[14844,31476,31477],"product_designer":[13933],"comfabric":[],"manufacturer":[16735],"reporting_designer":[37322],"samplecomfabric":[],"designer_clubroom":[],"class_list":{"0":"post-95824","1":"product","2":"type-product","3":"status-publish","4":"has-post-thumbnail","6":"product_cat-deco-fr","7":"product_cat-objets-de-decoration","8":"product_tag-hpsa-fr","9":"product_tag-st-collectible-fr","10":"product_tag-st-curvy-fr","11":"product_designer-objekti-fr","12":"manufacturer-objekti-fr","13":"reporting_designer-objekti","15":"first","16":"instock","17":"taxable","18":"shipping-taxable","19":"purchasable","20":"product-type-simple"},"acf":[],"_links":{"self":[{"href":"https:\/\/theinvisiblecollection.com\/fr\/wp-json\/wp\/v2\/product\/95824","targetHints":{"allow":["GET"]}}],"collection":[{"href":"https:\/\/theinvisiblecollection.com\/fr\/wp-json\/wp\/v2\/product"}],"about":[{"href":"https:\/\/theinvisiblecollection.com\/fr\/wp-json\/wp\/v2\/types\/product"}],"wp:featuredmedia":[{"embeddable":true,"href":"https:\/\/theinvisiblecollection.com\/fr\/wp-json\/wp\/v2\/media\/95875"}],"wp:attachment":[{"href":"https:\/\/theinvisiblecollection.com\/fr\/wp-json\/wp\/v2\/media?parent=95824"}],"wp:term":[{"taxonomy":"product_brand","embeddable":true,"href":"https:\/\/theinvisiblecollection.com\/fr\/wp-json\/wp\/v2\/product_brand?post=95824"},{"taxonomy":"product_cat","embeddable":true,"href":"https:\/\/theinvisiblecollection.com\/fr\/wp-json\/wp\/v2\/product_cat?post=95824"},{"taxonomy":"product_tag","embeddable":true,"href":"https:\/\/theinvisiblecollection.com\/fr\/wp-json\/wp\/v2\/product_tag?post=95824"},{"taxonomy":"product_designer","embeddable":true,"href":"https:\/\/theinvisiblecollection.com\/fr\/wp-json\/wp\/v2\/product_designer?post=95824"},{"taxonomy":"comfabric","embeddable":true,"href":"https:\/\/theinvisiblecollection.com\/fr\/wp-json\/wp\/v2\/comfabric?post=95824"},{"taxonomy":"manufacturer","embeddable":true,"href":"https:\/\/theinvisiblecollection.com\/fr\/wp-json\/wp\/v2\/manufacturer?post=95824"},{"taxonomy":"reporting_designer","embeddable":true,"href":"https:\/\/theinvisiblecollection.com\/fr\/wp-json\/wp\/v2\/reporting_designer?post=95824"},{"taxonomy":"samplecomfabric","embeddable":true,"href":"https:\/\/theinvisiblecollection.com\/fr\/wp-json\/wp\/v2\/samplecomfabric?post=95824"},{"taxonomy":"clubroom_product_designer","embeddable":true,"href":"https:\/\/theinvisiblecollection.com\/fr\/wp-json\/wp\/v2\/designer_clubroom?post=95824"}],"curies":[{"name":"wp","href":"https:\/\/api.w.org\/{rel}","templated":true}]}}