{"id":95831,"date":"2021-08-30T10:00:00","date_gmt":"2021-08-30T09:00:00","guid":{"rendered":"https:\/\/theinvisiblecollection.com\/?post_type=product&#038;p=95831"},"modified":"2026-05-01T07:39:12","modified_gmt":"2026-05-01T07:39:12","slug":"objekti-bougeoir-corail-triple","status":"publish","type":"product","link":"https:\/\/theinvisiblecollection.com\/fr\/produit\/objekti-bougeoir-corail-triple\/","title":{"rendered":"Bougeoir Corail Triple"},"content":{"rendered":"<p class=\"p1\" style=\"text-align: justify;\">Avec sa forme en V, ce chandelier fait \u00e0 la main m\u00e9lange des \u00e9l\u00e9ments azt\u00e8ques avec des proportions contemporaines. Le chandelier peut \u00eatre utilis\u00e9 aussi bien \u00e0 l\u2019int\u00e9rieur qu&#8217;\u00e0 l&#8217;ext\u00e9rieur.<\/p>\n","protected":false},"excerpt":{"rendered":"<p>Bougeoir en argile sculpt\u00e9 \u00e0 la main<br \/>\nCouleur : orange \u00e9maill\u00e9<br \/>\nChaque bougeoir est unique en raison de sa nature artisanale, les formes et les teintes varient l\u00e9g\u00e8rement<br \/>\nCouleurs sur-mesure sur demande<\/p>\n<p><strong>\u00a0<\/strong>L 27 x H 57 cm<\/p>\n<p><p class=\"p1\">Fabriqu\u00e9 \u00e0 la main au Mexique<br \/>\nD\u00e9lais de production : 16 &#8211; 20 semaines<\/p>\n<p class=\"p2\"><span style=\"text-decoration: underline;\"><span class=\"s1\"><a href=\"https:\/\/www.theinvisiblecollection.com\/fr\/demande-de-devis\/?product_id=95831\" target=\"_blank\" rel=\"noopener\">Contactez-nous pour toute demande de devis ou de renseignements<\/a><\/span><\/span><\/p><\/p>\n","protected":false},"featured_media":533245,"template":"","meta":{"_acf_changed":false,"content-type":"","_themeisle_gutenberg_block_has_review":false},"product_brand":[],"product_cat":[12535,16319,7517,12529,12531],"product_tag":[31477,10882,14844,31476],"product_designer":[13933],"comfabric":[],"manufacturer":[16735],"reporting_designer":[37322],"samplecomfabric":[],"designer_clubroom":[],"class_list":{"0":"post-95831","1":"product","2":"type-product","3":"status-publish","4":"has-post-thumbnail","6":"product_cat-arts-de-la-table","7":"product_cat-cartes-cadeaux","8":"product_cat-deco-fr","9":"product_cat-bougies-bougeoirs","10":"product_cat-objets-de-decoration","11":"product_tag-st-curvy-fr","12":"product_tag-accessoires","13":"product_tag-hpsa-fr","14":"product_tag-st-collectible-fr","15":"product_designer-objekti-fr","16":"manufacturer-objekti-fr","17":"reporting_designer-objekti","19":"first","20":"instock","21":"taxable","22":"shipping-taxable","23":"purchasable","24":"product-type-simple"},"acf":[],"_links":{"self":[{"href":"https:\/\/theinvisiblecollection.com\/fr\/wp-json\/wp\/v2\/product\/95831","targetHints":{"allow":["GET"]}}],"collection":[{"href":"https:\/\/theinvisiblecollection.com\/fr\/wp-json\/wp\/v2\/product"}],"about":[{"href":"https:\/\/theinvisiblecollection.com\/fr\/wp-json\/wp\/v2\/types\/product"}],"wp:featuredmedia":[{"embeddable":true,"href":"https:\/\/theinvisiblecollection.com\/fr\/wp-json\/wp\/v2\/media\/533245"}],"wp:attachment":[{"href":"https:\/\/theinvisiblecollection.com\/fr\/wp-json\/wp\/v2\/media?parent=95831"}],"wp:term":[{"taxonomy":"product_brand","embeddable":true,"href":"https:\/\/theinvisiblecollection.com\/fr\/wp-json\/wp\/v2\/product_brand?post=95831"},{"taxonomy":"product_cat","embeddable":true,"href":"https:\/\/theinvisiblecollection.com\/fr\/wp-json\/wp\/v2\/product_cat?post=95831"},{"taxonomy":"product_tag","embeddable":true,"href":"https:\/\/theinvisiblecollection.com\/fr\/wp-json\/wp\/v2\/product_tag?post=95831"},{"taxonomy":"product_designer","embeddable":true,"href":"https:\/\/theinvisiblecollection.com\/fr\/wp-json\/wp\/v2\/product_designer?post=95831"},{"taxonomy":"comfabric","embeddable":true,"href":"https:\/\/theinvisiblecollection.com\/fr\/wp-json\/wp\/v2\/comfabric?post=95831"},{"taxonomy":"manufacturer","embeddable":true,"href":"https:\/\/theinvisiblecollection.com\/fr\/wp-json\/wp\/v2\/manufacturer?post=95831"},{"taxonomy":"reporting_designer","embeddable":true,"href":"https:\/\/theinvisiblecollection.com\/fr\/wp-json\/wp\/v2\/reporting_designer?post=95831"},{"taxonomy":"samplecomfabric","embeddable":true,"href":"https:\/\/theinvisiblecollection.com\/fr\/wp-json\/wp\/v2\/samplecomfabric?post=95831"},{"taxonomy":"clubroom_product_designer","embeddable":true,"href":"https:\/\/theinvisiblecollection.com\/fr\/wp-json\/wp\/v2\/designer_clubroom?post=95831"}],"curies":[{"name":"wp","href":"https:\/\/api.w.org\/{rel}","templated":true}]}}