{"id":97714,"date":"2024-10-21T10:52:12","date_gmt":"2024-10-21T10:52:12","guid":{"rendered":"https:\/\/theinvisiblecollection.com\/?post_type=product&#038;p=97714"},"modified":"2026-05-08T04:40:24","modified_gmt":"2026-05-08T04:40:24","slug":"sandra-benhamou-canape-dolly","status":"publish","type":"product","link":"https:\/\/theinvisiblecollection.com\/fr\/produit\/sandra-benhamou-canape-dolly\/","title":{"rendered":"Canap\u00e9 Dolly"},"content":{"rendered":"","protected":false},"excerpt":{"rendered":"<p>Canap\u00e9 tapiss\u00e9 ici en velours Pierre Frey Teddy Mohair, Cr\u00e8me 002<br \/>\n\u00c9galement disponible en d&#8217;autres couleurs et en tissu Yarn Collective, Marci<br \/>\n<a href=\"https:\/\/theinvisiblecollection.com\/wp-content\/uploads\/2021\/05\/TheinvisibleCollection_SandraBenhamou_Dolly_FabricSelection1.pdf\"><span style=\"text-decoration: underline;\">D\u00e9couvrez la s\u00e9lection de tissus ici<\/span><\/a><br \/>\nTissu sur-mesure sur demande<\/p>\n<p>L 250 x l 80 x H 75 cm<br \/>\nHauteur d&#8217;assise : 42 cm<br \/>\nTissus requis : 11.5 m<\/p>\n<p>Fabriqu\u00e9 \u00e0 la main en France<br \/>\nD\u00e9lais de production : 10 &#8211; 12 semaines<\/p>\n<p><span style=\"text-decoration: underline;\"><a href=\"https:\/\/www.theinvisiblecollection.com\/fr\/demande-de-devis\/?product_id=97714\" target=\"_blank\" rel=\"noopener noreferrer\">Contactez-nous pour toute demande de devis ou de renseignements<\/a><\/span><\/p>\n","protected":false},"featured_media":94062,"template":"","meta":{"_acf_changed":false,"content-type":"","_themeisle_gutenberg_block_has_review":false},"product_brand":[],"product_cat":[8976,12499],"product_tag":[8944,22790,35206],"product_designer":[12409],"comfabric":[28764],"manufacturer":[20823],"reporting_designer":[37396],"samplecomfabric":[30884],"designer_clubroom":[],"class_list":{"0":"post-97714","1":"product","2":"type-product","3":"status-publish","4":"has-post-thumbnail","6":"product_cat-canapes","7":"product_cat-assises","8":"product_tag-canape","9":"product_tag-disponible-immediatement","10":"product_tag-exclusive-fr","11":"pa_size-extra-large-fr","12":"pa_size-l-280-x-l-100-x-h-80-fr","13":"pa_size-moyen","14":"pa_size-petit","15":"product_designer-sandra-benhamou-fr","16":"comfabric-sandra-benhamou-atelier-oxeti-fr","17":"manufacturer-sandra-benhamou-atelier-oxeti-fr","18":"reporting_designer-sandra-benhamou","19":"samplecomfabric-sandra-benhamou-atelier-oxeti-fr","20":"exhibitions-londres-fr","22":"first","23":"instock","24":"taxable","25":"shipping-taxable","26":"purchasable","27":"product-type-variable"},"acf":[],"_links":{"self":[{"href":"https:\/\/theinvisiblecollection.com\/fr\/wp-json\/wp\/v2\/product\/97714","targetHints":{"allow":["GET"]}}],"collection":[{"href":"https:\/\/theinvisiblecollection.com\/fr\/wp-json\/wp\/v2\/product"}],"about":[{"href":"https:\/\/theinvisiblecollection.com\/fr\/wp-json\/wp\/v2\/types\/product"}],"wp:featuredmedia":[{"embeddable":true,"href":"https:\/\/theinvisiblecollection.com\/fr\/wp-json\/wp\/v2\/media\/94062"}],"wp:attachment":[{"href":"https:\/\/theinvisiblecollection.com\/fr\/wp-json\/wp\/v2\/media?parent=97714"}],"wp:term":[{"taxonomy":"product_brand","embeddable":true,"href":"https:\/\/theinvisiblecollection.com\/fr\/wp-json\/wp\/v2\/product_brand?post=97714"},{"taxonomy":"product_cat","embeddable":true,"href":"https:\/\/theinvisiblecollection.com\/fr\/wp-json\/wp\/v2\/product_cat?post=97714"},{"taxonomy":"product_tag","embeddable":true,"href":"https:\/\/theinvisiblecollection.com\/fr\/wp-json\/wp\/v2\/product_tag?post=97714"},{"taxonomy":"product_designer","embeddable":true,"href":"https:\/\/theinvisiblecollection.com\/fr\/wp-json\/wp\/v2\/product_designer?post=97714"},{"taxonomy":"comfabric","embeddable":true,"href":"https:\/\/theinvisiblecollection.com\/fr\/wp-json\/wp\/v2\/comfabric?post=97714"},{"taxonomy":"manufacturer","embeddable":true,"href":"https:\/\/theinvisiblecollection.com\/fr\/wp-json\/wp\/v2\/manufacturer?post=97714"},{"taxonomy":"reporting_designer","embeddable":true,"href":"https:\/\/theinvisiblecollection.com\/fr\/wp-json\/wp\/v2\/reporting_designer?post=97714"},{"taxonomy":"samplecomfabric","embeddable":true,"href":"https:\/\/theinvisiblecollection.com\/fr\/wp-json\/wp\/v2\/samplecomfabric?post=97714"},{"taxonomy":"clubroom_product_designer","embeddable":true,"href":"https:\/\/theinvisiblecollection.com\/fr\/wp-json\/wp\/v2\/designer_clubroom?post=97714"}],"curies":[{"name":"wp","href":"https:\/\/api.w.org\/{rel}","templated":true}]}}