{"id":98027,"date":"2021-09-06T15:12:38","date_gmt":"2021-09-06T14:12:38","guid":{"rendered":"https:\/\/theinvisiblecollection.com\/?post_type=product&#038;p=98027"},"modified":"2026-05-08T04:40:24","modified_gmt":"2026-05-08T04:40:24","slug":"campbell-rey-miroir-magdalena","status":"publish","type":"product","link":"https:\/\/theinvisiblecollection.com\/fr\/produit\/campbell-rey-miroir-magdalena\/","title":{"rendered":"Miroir Magdalena"},"content":{"rendered":"","protected":false},"excerpt":{"rendered":"<p>Miroir de trumeau ou sur pied peint \u00e0 la main en trompe-l&#8217;\u0153il, motif &#8220;\u00e9caille de tortue&#8221;<br \/>\nFinition en laque brillante<br \/>\nDimensions sur-mesure sur demande<\/p>\n<p>L 45 x H 150 cm<\/p>\n<p>Fabriqu\u00e9 \u00e0 la main au Royaume-Uni<br \/>\nD\u00e9lais de fabrication : 10 &#8211; 12 semaines<\/p>\n<p class=\"p1\"><span style=\"text-decoration: underline;\"><span class=\"s1\"><a href=\"https:\/\/www.theinvisiblecollection.com\/fr\/demande-de-devis\/?product_id=98027\" target=\"_blank\" rel=\"noopener\">Contactez-nous pour toute demande de devis ou de renseignements<\/a><\/span><\/span><\/p><\/p>\n","protected":false},"featured_media":97907,"template":"","meta":{"_acf_changed":false,"content-type":"","_themeisle_gutenberg_block_has_review":false},"product_brand":[],"product_cat":[7517,8225],"product_tag":[9089,14844,31477],"product_designer":[14078],"comfabric":[],"manufacturer":[22144],"reporting_designer":[37366],"samplecomfabric":[],"designer_clubroom":[],"class_list":{"0":"post-98027","1":"product","2":"type-product","3":"status-publish","4":"has-post-thumbnail","6":"product_cat-deco-fr","7":"product_cat-miroirs-fr","8":"product_tag-miroir-fr-3","9":"product_tag-hpsa-fr","10":"product_tag-st-curvy-fr","11":"product_designer-campbell-rey-fr","12":"manufacturer-campbell-rey-atelier-nicki-beavan-fr","13":"reporting_designer-campbell-rey","15":"first","16":"instock","17":"taxable","18":"shipping-taxable","19":"purchasable","20":"product-type-simple"},"acf":[],"_links":{"self":[{"href":"https:\/\/theinvisiblecollection.com\/fr\/wp-json\/wp\/v2\/product\/98027","targetHints":{"allow":["GET"]}}],"collection":[{"href":"https:\/\/theinvisiblecollection.com\/fr\/wp-json\/wp\/v2\/product"}],"about":[{"href":"https:\/\/theinvisiblecollection.com\/fr\/wp-json\/wp\/v2\/types\/product"}],"wp:featuredmedia":[{"embeddable":true,"href":"https:\/\/theinvisiblecollection.com\/fr\/wp-json\/wp\/v2\/media\/97907"}],"wp:attachment":[{"href":"https:\/\/theinvisiblecollection.com\/fr\/wp-json\/wp\/v2\/media?parent=98027"}],"wp:term":[{"taxonomy":"product_brand","embeddable":true,"href":"https:\/\/theinvisiblecollection.com\/fr\/wp-json\/wp\/v2\/product_brand?post=98027"},{"taxonomy":"product_cat","embeddable":true,"href":"https:\/\/theinvisiblecollection.com\/fr\/wp-json\/wp\/v2\/product_cat?post=98027"},{"taxonomy":"product_tag","embeddable":true,"href":"https:\/\/theinvisiblecollection.com\/fr\/wp-json\/wp\/v2\/product_tag?post=98027"},{"taxonomy":"product_designer","embeddable":true,"href":"https:\/\/theinvisiblecollection.com\/fr\/wp-json\/wp\/v2\/product_designer?post=98027"},{"taxonomy":"comfabric","embeddable":true,"href":"https:\/\/theinvisiblecollection.com\/fr\/wp-json\/wp\/v2\/comfabric?post=98027"},{"taxonomy":"manufacturer","embeddable":true,"href":"https:\/\/theinvisiblecollection.com\/fr\/wp-json\/wp\/v2\/manufacturer?post=98027"},{"taxonomy":"reporting_designer","embeddable":true,"href":"https:\/\/theinvisiblecollection.com\/fr\/wp-json\/wp\/v2\/reporting_designer?post=98027"},{"taxonomy":"samplecomfabric","embeddable":true,"href":"https:\/\/theinvisiblecollection.com\/fr\/wp-json\/wp\/v2\/samplecomfabric?post=98027"},{"taxonomy":"clubroom_product_designer","embeddable":true,"href":"https:\/\/theinvisiblecollection.com\/fr\/wp-json\/wp\/v2\/designer_clubroom?post=98027"}],"curies":[{"name":"wp","href":"https:\/\/api.w.org\/{rel}","templated":true}]}}