{"id":98105,"date":"2021-09-06T10:00:02","date_gmt":"2021-09-06T09:00:02","guid":{"rendered":"https:\/\/theinvisiblecollection.com\/?post_type=product&#038;p=98105"},"modified":"2026-05-01T07:39:12","modified_gmt":"2026-05-01T07:39:12","slug":"campbell-rey-canape-lapo","status":"publish","type":"product","link":"https:\/\/theinvisiblecollection.com\/fr\/produit\/campbell-rey-canape-lapo\/","title":{"rendered":"Canap\u00e9 Lapo"},"content":{"rendered":"","protected":false},"excerpt":{"rendered":"<p>Canap\u00e9 \u00e0 deux tons photographi\u00e9 ici en Teddy Mohair de Pierre Frey, Aubergine et Acajou<br \/>\n<span style=\"text-decoration: underline;\"><a href=\"https:\/\/theinvisiblecollection.com\/wp-content\/uploads\/2021\/09\/TheInvisibleCollection_Campbell-Rey__Pierre_Frey_Teddy_Mohair_2.pdf\" target=\"_blank\" rel=\"noopener\">D\u00e9couvrez la s\u00e9lection de tissus ici<\/a><\/span><br \/>\nPieds sph\u00e9riques en Coromandel peints \u00e0 la main \u00e9galement disponibles en bois laqu\u00e9 couleur unie<br \/>\nDimensions sur-mesure sur demande<\/p>\n<p>L 240 x l 115 x H 80 cm<br \/>\nHauteur d&#8217;assise : 40 cm<br \/>\nTissu requis dossier : 5 m<br \/>\nTissu requis assise : 5 m<\/p>\n<p><p class=\"p1\">Fabriqu\u00e9 \u00e0 la main au Royaume-Uni<br \/>\nD\u00e9lais de fabrication : 10 &#8211; 12 semaines<\/p>\n<p class=\"p2\"><span style=\"text-decoration: underline;\"><span class=\"s1\"><a href=\"https:\/\/www.theinvisiblecollection.com\/fr\/demande-de-devis\/?product_id=98105\" target=\"_blank\" rel=\"noopener\">Contactez-nous pour toute demande de devis ou de renseignements<\/a><\/span><\/span><\/p><\/p>\n","protected":false},"featured_media":3381552,"template":"","meta":{"_acf_changed":false,"content-type":"","_themeisle_gutenberg_block_has_review":false},"product_brand":[],"product_cat":[8976,12499],"product_tag":[14844,14925,14926,31477,35326],"product_designer":[14078],"comfabric":[29064],"manufacturer":[16848],"reporting_designer":[37366],"samplecomfabric":[30694],"designer_clubroom":[],"class_list":{"0":"post-98105","1":"product","2":"type-product","3":"status-publish","4":"has-post-thumbnail","6":"product_cat-canapes","7":"product_cat-assises","8":"product_tag-hpsa-fr","9":"product_tag-hpfav-fr","10":"product_tag-hplstfav-fr","11":"product_tag-st-curvy-fr","12":"product_tag-st-scandinavian-fr","13":"product_designer-campbell-rey-fr","14":"comfabric-campbell-rey-atelier-anthony-hossack-fr","15":"manufacturer-hossack-gray","16":"reporting_designer-campbell-rey","17":"samplecomfabric-campbell-rey-atelier-anthony-hossack-fr","19":"first","20":"instock","21":"taxable","22":"shipping-taxable","23":"purchasable","24":"product-type-variable"},"acf":[],"_links":{"self":[{"href":"https:\/\/theinvisiblecollection.com\/fr\/wp-json\/wp\/v2\/product\/98105","targetHints":{"allow":["GET"]}}],"collection":[{"href":"https:\/\/theinvisiblecollection.com\/fr\/wp-json\/wp\/v2\/product"}],"about":[{"href":"https:\/\/theinvisiblecollection.com\/fr\/wp-json\/wp\/v2\/types\/product"}],"wp:featuredmedia":[{"embeddable":true,"href":"https:\/\/theinvisiblecollection.com\/fr\/wp-json\/wp\/v2\/media\/3381552"}],"wp:attachment":[{"href":"https:\/\/theinvisiblecollection.com\/fr\/wp-json\/wp\/v2\/media?parent=98105"}],"wp:term":[{"taxonomy":"product_brand","embeddable":true,"href":"https:\/\/theinvisiblecollection.com\/fr\/wp-json\/wp\/v2\/product_brand?post=98105"},{"taxonomy":"product_cat","embeddable":true,"href":"https:\/\/theinvisiblecollection.com\/fr\/wp-json\/wp\/v2\/product_cat?post=98105"},{"taxonomy":"product_tag","embeddable":true,"href":"https:\/\/theinvisiblecollection.com\/fr\/wp-json\/wp\/v2\/product_tag?post=98105"},{"taxonomy":"product_designer","embeddable":true,"href":"https:\/\/theinvisiblecollection.com\/fr\/wp-json\/wp\/v2\/product_designer?post=98105"},{"taxonomy":"comfabric","embeddable":true,"href":"https:\/\/theinvisiblecollection.com\/fr\/wp-json\/wp\/v2\/comfabric?post=98105"},{"taxonomy":"manufacturer","embeddable":true,"href":"https:\/\/theinvisiblecollection.com\/fr\/wp-json\/wp\/v2\/manufacturer?post=98105"},{"taxonomy":"reporting_designer","embeddable":true,"href":"https:\/\/theinvisiblecollection.com\/fr\/wp-json\/wp\/v2\/reporting_designer?post=98105"},{"taxonomy":"samplecomfabric","embeddable":true,"href":"https:\/\/theinvisiblecollection.com\/fr\/wp-json\/wp\/v2\/samplecomfabric?post=98105"},{"taxonomy":"clubroom_product_designer","embeddable":true,"href":"https:\/\/theinvisiblecollection.com\/fr\/wp-json\/wp\/v2\/designer_clubroom?post=98105"}],"curies":[{"name":"wp","href":"https:\/\/api.w.org\/{rel}","templated":true}]}}