{"id":99429,"date":"2021-09-21T10:00:00","date_gmt":"2021-09-21T09:00:00","guid":{"rendered":"https:\/\/theinvisiblecollection.com\/?post_type=product&#038;p=99429"},"modified":"2026-05-01T07:39:09","modified_gmt":"2026-05-01T07:39:09","slug":"allegra-hicks-chevet-iris-london-1","status":"publish","type":"product","link":"https:\/\/theinvisiblecollection.com\/fr\/produit\/allegra-hicks-chevet-iris-london-1\/","title":{"rendered":"Chevet Iris London 1"},"content":{"rendered":"","protected":false},"excerpt":{"rendered":"<p>Table de chevet avec pi\u00e8tement en laiton bross\u00e9 et plateau en verre<br \/>\nTissu en lin peint \u00e0 la main par Allegra Hicks<br \/>\nChaque table est unique du fait de sa nature artisanale, les dessins et les teintes varient l\u00e9g\u00e8rement<br \/>\nPeut \u00eatre r\u00e9alis\u00e9e sans tiroir<br \/>\nDessin peint \u00e0 la main, couleur et dimensions sur mesure sur demande<\/p>\n<p><p class=\"p1\">L 51 x l 40 x H 50 cm<br \/>\nTiroir : L 44.7 x l 37 x H 4 cm<\/p>\n<\/p>\n<p><p class=\"p1\">Fabriqu\u00e9e \u00e0 la main en Italie<br \/>\nD\u00e9lais de fabrication : 4 &#8211; 6 semaines<br \/>\n<span style=\"text-decoration: underline;\"><span class=\"s1\"><a href=\"https:\/\/www.theinvisiblecollection.com\/fr\/demande-de-devis\/?product_id=99429\" target=\"_blank\" rel=\"noopener\">Contactez-nous pour toute demande de devis ou de renseignements<\/a><\/span><\/span><\/p><\/p>\n","protected":false},"featured_media":115858,"template":"","meta":{"_acf_changed":false,"content-type":"","_themeisle_gutenberg_block_has_review":false},"product_brand":[],"product_cat":[12332,12503],"product_tag":[8857,14844,14845,31477],"product_designer":[14410],"comfabric":[],"manufacturer":[16833],"reporting_designer":[37580],"samplecomfabric":[],"designer_clubroom":[],"class_list":{"0":"post-99429","1":"product","2":"type-product","3":"status-publish","4":"has-post-thumbnail","6":"product_cat-tables-dappoint","7":"product_cat-tables-fr","8":"product_tag-table-de-chevet","9":"product_tag-hpsa-fr","10":"product_tag-hptm-fr","11":"product_tag-st-curvy-fr","12":"product_designer-allegra-hicks-fr","13":"manufacturer-fonderia-nolana-fr","14":"reporting_designer-allegra-hicks","16":"first","17":"instock","18":"taxable","19":"shipping-taxable","20":"purchasable","21":"product-type-simple"},"acf":[],"_links":{"self":[{"href":"https:\/\/theinvisiblecollection.com\/fr\/wp-json\/wp\/v2\/product\/99429","targetHints":{"allow":["GET"]}}],"collection":[{"href":"https:\/\/theinvisiblecollection.com\/fr\/wp-json\/wp\/v2\/product"}],"about":[{"href":"https:\/\/theinvisiblecollection.com\/fr\/wp-json\/wp\/v2\/types\/product"}],"wp:featuredmedia":[{"embeddable":true,"href":"https:\/\/theinvisiblecollection.com\/fr\/wp-json\/wp\/v2\/media\/115858"}],"wp:attachment":[{"href":"https:\/\/theinvisiblecollection.com\/fr\/wp-json\/wp\/v2\/media?parent=99429"}],"wp:term":[{"taxonomy":"product_brand","embeddable":true,"href":"https:\/\/theinvisiblecollection.com\/fr\/wp-json\/wp\/v2\/product_brand?post=99429"},{"taxonomy":"product_cat","embeddable":true,"href":"https:\/\/theinvisiblecollection.com\/fr\/wp-json\/wp\/v2\/product_cat?post=99429"},{"taxonomy":"product_tag","embeddable":true,"href":"https:\/\/theinvisiblecollection.com\/fr\/wp-json\/wp\/v2\/product_tag?post=99429"},{"taxonomy":"product_designer","embeddable":true,"href":"https:\/\/theinvisiblecollection.com\/fr\/wp-json\/wp\/v2\/product_designer?post=99429"},{"taxonomy":"comfabric","embeddable":true,"href":"https:\/\/theinvisiblecollection.com\/fr\/wp-json\/wp\/v2\/comfabric?post=99429"},{"taxonomy":"manufacturer","embeddable":true,"href":"https:\/\/theinvisiblecollection.com\/fr\/wp-json\/wp\/v2\/manufacturer?post=99429"},{"taxonomy":"reporting_designer","embeddable":true,"href":"https:\/\/theinvisiblecollection.com\/fr\/wp-json\/wp\/v2\/reporting_designer?post=99429"},{"taxonomy":"samplecomfabric","embeddable":true,"href":"https:\/\/theinvisiblecollection.com\/fr\/wp-json\/wp\/v2\/samplecomfabric?post=99429"},{"taxonomy":"clubroom_product_designer","embeddable":true,"href":"https:\/\/theinvisiblecollection.com\/fr\/wp-json\/wp\/v2\/designer_clubroom?post=99429"}],"curies":[{"name":"wp","href":"https:\/\/api.w.org\/{rel}","templated":true}]}}