{"id":99968,"date":"2021-09-30T10:00:00","date_gmt":"2021-09-30T09:00:00","guid":{"rendered":"https:\/\/theinvisiblecollection.com\/?post_type=product&#038;p=99968"},"modified":"2026-05-01T07:39:09","modified_gmt":"2026-05-01T07:39:09","slug":"studio-parisien-fauteuil-sevigne-x-metaphores","status":"publish","type":"product","link":"https:\/\/theinvisiblecollection.com\/fr\/produit\/studio-parisien-fauteuil-sevigne-x-metaphores\/","title":{"rendered":"Fauteuil S\u00e9vign\u00e9 x M\u00e9taphores"},"content":{"rendered":"<p style=\"text-align: justify;\">Le fauteuil Se\u0301vigne\u0301 issu de la collection Se\u0301vigne\u0301 de Studioparisien est un hommage a\u0300 la Marquise, ce\u0301le\u0300bre romancie\u0300re et e\u0301pistolie\u0300re franc\u0327aise. Une assise de\u0301die\u0301e a\u0300 la lecture et a\u0300 la re\u0302verie. Toute en rondeur, il vous enveloppe et vous accompagne dans vos e\u0301changes, comme dans vos moments de paresse ou de solitude.<br \/>\nPr\u00e9curseur dans le tissage et l\u2019\u00e9dition d\u2019\u00e9toffes pour la d\u00e9coration int\u00e9rieure, M\u00e9taphores est une marque inspirante et contemporaine reconnue, rattach\u00e9e \u00e0 la fili\u00e8re textile d&#8217;Herm\u00e8s.<\/p>\n","protected":false},"excerpt":{"rendered":"<p>Le fauteuil Se\u0301vigne\u0301 issu de la collection Se\u0301vigne\u0301 de Studioparisien est un hommage a\u0300 la Marquise, ce\u0301le\u0300bre romancie\u0300re et e\u0301pistolie\u0300re franc\u0327aise. Une assise de\u0301die\u0301e a\u0300 la lecture et a\u0300 la re\u0302verie. Toute en rondeur, il vous enveloppe et vous accompagne dans vos e\u0301changes, comme dans vos moments de paresse ou de solitude. Pr\u00e9curseur dans le [&hellip;]<\/p>\n","protected":false},"featured_media":100009,"template":"","meta":{"_acf_changed":false,"content-type":"","_themeisle_gutenberg_block_has_review":false},"product_brand":[],"product_cat":[8945,12499],"product_tag":[31477],"product_designer":[11987],"comfabric":[29302],"manufacturer":[16822],"reporting_designer":[37792],"samplecomfabric":[30470],"designer_clubroom":[],"class_list":{"0":"post-99968","1":"product","2":"type-product","3":"status-publish","4":"has-post-thumbnail","6":"product_cat-fauteuils","7":"product_cat-assises","8":"product_tag-st-curvy-fr","9":"product_designer-studioparisien-fr","10":"comfabric-atelier-jouffre-lyon-fr","11":"manufacturer-atelier-jouffre-lyon-fr","12":"reporting_designer-studioparisien","13":"samplecomfabric-atelier-jouffre-lyon-fr","15":"first","16":"instock","17":"taxable","18":"shipping-taxable","19":"purchasable","20":"product-type-variable"},"acf":[],"_links":{"self":[{"href":"https:\/\/theinvisiblecollection.com\/fr\/wp-json\/wp\/v2\/product\/99968","targetHints":{"allow":["GET"]}}],"collection":[{"href":"https:\/\/theinvisiblecollection.com\/fr\/wp-json\/wp\/v2\/product"}],"about":[{"href":"https:\/\/theinvisiblecollection.com\/fr\/wp-json\/wp\/v2\/types\/product"}],"wp:featuredmedia":[{"embeddable":true,"href":"https:\/\/theinvisiblecollection.com\/fr\/wp-json\/wp\/v2\/media\/100009"}],"wp:attachment":[{"href":"https:\/\/theinvisiblecollection.com\/fr\/wp-json\/wp\/v2\/media?parent=99968"}],"wp:term":[{"taxonomy":"product_brand","embeddable":true,"href":"https:\/\/theinvisiblecollection.com\/fr\/wp-json\/wp\/v2\/product_brand?post=99968"},{"taxonomy":"product_cat","embeddable":true,"href":"https:\/\/theinvisiblecollection.com\/fr\/wp-json\/wp\/v2\/product_cat?post=99968"},{"taxonomy":"product_tag","embeddable":true,"href":"https:\/\/theinvisiblecollection.com\/fr\/wp-json\/wp\/v2\/product_tag?post=99968"},{"taxonomy":"product_designer","embeddable":true,"href":"https:\/\/theinvisiblecollection.com\/fr\/wp-json\/wp\/v2\/product_designer?post=99968"},{"taxonomy":"comfabric","embeddable":true,"href":"https:\/\/theinvisiblecollection.com\/fr\/wp-json\/wp\/v2\/comfabric?post=99968"},{"taxonomy":"manufacturer","embeddable":true,"href":"https:\/\/theinvisiblecollection.com\/fr\/wp-json\/wp\/v2\/manufacturer?post=99968"},{"taxonomy":"reporting_designer","embeddable":true,"href":"https:\/\/theinvisiblecollection.com\/fr\/wp-json\/wp\/v2\/reporting_designer?post=99968"},{"taxonomy":"samplecomfabric","embeddable":true,"href":"https:\/\/theinvisiblecollection.com\/fr\/wp-json\/wp\/v2\/samplecomfabric?post=99968"},{"taxonomy":"clubroom_product_designer","embeddable":true,"href":"https:\/\/theinvisiblecollection.com\/fr\/wp-json\/wp\/v2\/designer_clubroom?post=99968"}],"curies":[{"name":"wp","href":"https:\/\/api.w.org\/{rel}","templated":true}]}}